{"id":3265,"date":"2024-06-27T15:52:06","date_gmt":"2024-06-27T13:52:06","guid":{"rendered":"https:\/\/santacarne.es\/?post_type=product&#038;p=3265"},"modified":"2026-03-02T20:48:04","modified_gmt":"2026-03-02T19:48:04","slug":"combo-santa-carne-argentina","status":"publish","type":"product","link":"https:\/\/santacarne.es\/pt\/produto\/combo-santa-carne-argentina","title":{"rendered":"COMBO SANTA CARNE"},"content":{"rendered":"<p>El combo &#8220;Santa Carne&#8221; es perfecto para aquellos que desean disfrutar de la excelencia de la carne argentina en la comodidad de su hogar, ideal para parrilladas, asados o cualquier ocasi\u00f3n especial que merezca un toque de distinci\u00f3n.<\/p>","protected":false},"excerpt":{"rendered":"<p>Peso: 3,5 kg Aprox.<\/p>\n<p>Comensales: Comen 6 \/ pican 9<\/p>\n<p>El Combo &#8221; SANTA CARNE&#8221; incluye:<\/p>\n<p>2 filetes (300 gr\u00a0 c\/u ) Ojo de Bife \u2022 Lomo Alto Argentino<br \/>\n4 filetes (300 gr\u00a0 c\/u ) Bife de Chorizo\/Entrecot \u2022 Lomo Bajo Argentino\u00a0 \u00a0 \u00a0 \u00a0 \u00a0 \u00a0 \u00a0 \u00a0 \u00a0 \u00a0 \u00a0 \u00a0 \u00a0 \u00a0 \u00a0 \u00a0 \u00a0 \u00a0 \u00a0 \u00a0 \u00a0 \u00a0 \u00a0 \u00a0 \u00a0 \u00a0 \u00a0 \u00a0 \u00a0 \u00a0 \u00a0 \u00a0 \u00a0 \u00a0 \u00a0 \u00a0 \u00a0 \u00a0 \u00a0 \u00a0 \u00a0 \u00a0 \u00a0 \u00a0 5 Hamburguesas &#8220;Reserva&#8221; (180gr\u00a0 c\/u )\u00a0 \u00a0 \u00a0 \u00a0 \u00a0 \u00a0 \u00a0 \u00a0 \u00a0 \u00a0 \u00a0 \u00a0 \u00a0 \u00a0 \u00a0 \u00a0 \u00a0 \u00a0 \u00a0 \u00a0 \u00a0 \u00a0 \u00a0 \u00a0 \u00a0 \u00a0 \u00a0 \u00a0 \u00a0 \u00a0 \u00a0 \u00a0 \u00a0 \u00a0 \u00a0 \u00a0 \u00a0 \u00a0 \u00a0 \u00a0 \u00a0 \u00a0 \u00a0 \u00a0 \u00a0 \u00a0 \u00a0 \u00a0 \u00a0 \u00a0 \u00a0 \u00a0 \u00a0 \u00a0 \u00a0 \u00a0 \u00a0 \u00a0 \u00a0 \u00a0 \u00a0 \u00a0 \u00a0 \u00a0 \u00a0 \u00a0 \u00a0 \u00a0 \u00a0 \u00a0 \u00a0 \u00a0 \u00a05 Chorizos Criollo estilo Argentino<\/p>\n<p>De Argentina a tu mesa. A solo 2 clicks de distancia.<br \/>\nEnv\u00edos a Espa\u00f1a, Francia y Portugal. Atenci\u00f3n personalizada.<\/p>","protected":false},"featured_media":4012,"template":"","meta":{"_joinchat":[]},"product_brand":[],"product_cat":[56,15],"product_tag":[37,49],"class_list":{"0":"post-3265","1":"product","2":"type-product","3":"status-publish","4":"has-post-thumbnail","6":"product_cat-combos","7":"product_cat-todos-los-productos","8":"product_tag-espana","9":"product_tag-portugal","10":"tm-no-options","12":"first","13":"instock","14":"purchasable","15":"product-type-simple"},"yoast_head":"<!-- This site is optimized with the Yoast SEO plugin v27.4 - https:\/\/yoast.com\/product\/yoast-seo-wordpress\/ -->\n<title>COMBO SANTA CARNE - Santa Carne<\/title>\n<meta name=\"description\" content=\"PESO: 3,5 kg Aprox. PRECIO: 90. El combo &quot;Santa Carne&quot; es perfecto para aquellos que desean disfrutar de la excelencia de la carne argentina en la comodidad de su hogar, ideal para parrilladas, asados o cualquier ocasi\u00f3n especial que merezca un toque de distinci\u00f3n. Comen 6 personas , pican 9.\" \/>\n<meta name=\"robots\" content=\"index, follow, max-snippet:-1, max-image-preview:large, max-video-preview:-1\" \/>\n<link rel=\"canonical\" href=\"https:\/\/santacarne.es\/pt\/produto\/combo-santa-carne-argentina\/\" \/>\n<meta property=\"og:locale\" content=\"pt_PT\" \/>\n<meta property=\"og:type\" content=\"article\" \/>\n<meta property=\"og:title\" content=\"COMBO SANTA CARNE - Santa Carne\" \/>\n<meta property=\"og:description\" content=\"PESO: 3,5 kg Aprox. PRECIO: 90. El combo &quot;Santa Carne&quot; es perfecto para aquellos que desean disfrutar de la excelencia de la carne argentina en la comodidad de su hogar, ideal para parrilladas, asados o cualquier ocasi\u00f3n especial que merezca un toque de distinci\u00f3n. Comen 6 personas , pican 9.\" \/>\n<meta property=\"og:url\" content=\"https:\/\/santacarne.es\/pt\/produto\/combo-santa-carne-argentina\/\" \/>\n<meta property=\"og:site_name\" content=\"Santa Carne\" \/>\n<meta property=\"article:publisher\" content=\"https:\/\/www.facebook.com\/profile.php?id=61554848311133\" \/>\n<meta property=\"article:modified_time\" content=\"2026-03-02T19:48:04+00:00\" \/>\n<meta property=\"og:image\" content=\"https:\/\/santacarne.es\/wp-content\/uploads\/2024\/06\/COMBO-1.jpg\" \/>\n\t<meta property=\"og:image:width\" content=\"1080\" \/>\n\t<meta property=\"og:image:height\" content=\"1350\" \/>\n\t<meta property=\"og:image:type\" content=\"image\/jpeg\" \/>\n<meta name=\"twitter:card\" content=\"summary_large_image\" \/>\n<meta name=\"twitter:label1\" content=\"Tempo estimado de leitura\" \/>\n\t<meta name=\"twitter:data1\" content=\"1 minuto\" \/>\n<script type=\"application\/ld+json\" class=\"yoast-schema-graph\">{\"@context\":\"https:\\\/\\\/schema.org\",\"@graph\":[{\"@type\":\"WebPage\",\"@id\":\"https:\\\/\\\/santacarne.es\\\/producto\\\/combo-santa-carne-argentina\",\"url\":\"https:\\\/\\\/santacarne.es\\\/producto\\\/combo-santa-carne-argentina\",\"name\":\"COMBO SANTA CARNE - Santa Carne\",\"isPartOf\":{\"@id\":\"https:\\\/\\\/santacarne.es\\\/#website\"},\"primaryImageOfPage\":{\"@id\":\"https:\\\/\\\/santacarne.es\\\/producto\\\/combo-santa-carne-argentina#primaryimage\"},\"image\":{\"@id\":\"https:\\\/\\\/santacarne.es\\\/producto\\\/combo-santa-carne-argentina#primaryimage\"},\"thumbnailUrl\":\"https:\\\/\\\/santacarne.es\\\/wp-content\\\/uploads\\\/2024\\\/06\\\/COMBO-1.jpg\",\"datePublished\":\"2024-06-27T13:52:06+00:00\",\"dateModified\":\"2026-03-02T19:48:04+00:00\",\"description\":\"PESO: 3,5 kg Aprox. PRECIO: 90. El combo \\\"Santa Carne\\\" es perfecto para aquellos que desean disfrutar de la excelencia de la carne argentina en la comodidad de su hogar, ideal para parrilladas, asados o cualquier ocasi\u00f3n especial que merezca un toque de distinci\u00f3n. Comen 6 personas , pican 9.\",\"breadcrumb\":{\"@id\":\"https:\\\/\\\/santacarne.es\\\/producto\\\/combo-santa-carne-argentina#breadcrumb\"},\"inLanguage\":\"pt-PT\",\"potentialAction\":[{\"@type\":\"ReadAction\",\"target\":[\"https:\\\/\\\/santacarne.es\\\/producto\\\/combo-santa-carne-argentina\"]}]},{\"@type\":\"ImageObject\",\"inLanguage\":\"pt-PT\",\"@id\":\"https:\\\/\\\/santacarne.es\\\/producto\\\/combo-santa-carne-argentina#primaryimage\",\"url\":\"https:\\\/\\\/santacarne.es\\\/wp-content\\\/uploads\\\/2024\\\/06\\\/COMBO-1.jpg\",\"contentUrl\":\"https:\\\/\\\/santacarne.es\\\/wp-content\\\/uploads\\\/2024\\\/06\\\/COMBO-1.jpg\",\"width\":1080,\"height\":1350},{\"@type\":\"BreadcrumbList\",\"@id\":\"https:\\\/\\\/santacarne.es\\\/producto\\\/combo-santa-carne-argentina#breadcrumb\",\"itemListElement\":[{\"@type\":\"ListItem\",\"position\":1,\"name\":\"Portada\",\"item\":\"https:\\\/\\\/santacarne.es\\\/\"},{\"@type\":\"ListItem\",\"position\":2,\"name\":\"Tienda\",\"item\":\"https:\\\/\\\/santacarne.es\\\/pt\\\/tienda\"},{\"@type\":\"ListItem\",\"position\":3,\"name\":\"COMBO SANTA CARNE\"}]},{\"@type\":\"WebSite\",\"@id\":\"https:\\\/\\\/santacarne.es\\\/#website\",\"url\":\"https:\\\/\\\/santacarne.es\\\/\",\"name\":\"Santa Carne\",\"description\":\"Alimentamos lo Sagrado de Compartir.\",\"publisher\":{\"@id\":\"https:\\\/\\\/santacarne.es\\\/#organization\"},\"potentialAction\":[{\"@type\":\"SearchAction\",\"target\":{\"@type\":\"EntryPoint\",\"urlTemplate\":\"https:\\\/\\\/santacarne.es\\\/?s={search_term_string}\"},\"query-input\":{\"@type\":\"PropertyValueSpecification\",\"valueRequired\":true,\"valueName\":\"search_term_string\"}}],\"inLanguage\":\"pt-PT\"},{\"@type\":\"Organization\",\"@id\":\"https:\\\/\\\/santacarne.es\\\/#organization\",\"name\":\"Santa Carne\",\"url\":\"https:\\\/\\\/santacarne.es\\\/\",\"logo\":{\"@type\":\"ImageObject\",\"inLanguage\":\"pt-PT\",\"@id\":\"https:\\\/\\\/santacarne.es\\\/#\\\/schema\\\/logo\\\/image\\\/\",\"url\":\"https:\\\/\\\/santacarne.es\\\/wp-content\\\/uploads\\\/2024\\\/04\\\/santa-carne.png\",\"contentUrl\":\"https:\\\/\\\/santacarne.es\\\/wp-content\\\/uploads\\\/2024\\\/04\\\/santa-carne.png\",\"width\":900,\"height\":286,\"caption\":\"Santa Carne\"},\"image\":{\"@id\":\"https:\\\/\\\/santacarne.es\\\/#\\\/schema\\\/logo\\\/image\\\/\"},\"sameAs\":[\"https:\\\/\\\/www.facebook.com\\\/profile.php?id=61554848311133\",\"https:\\\/\\\/www.instagram.com\\\/sant_carne\\\/\"]}]}<\/script>\n<!-- \/ Yoast SEO plugin. -->","yoast_head_json":{"title":"COMBO SANTA CARNE - Santa Carne","description":"PESO: 3,5 kg Aprox. PRECIO: 90. El combo \"Santa Carne\" es perfecto para aquellos que desean disfrutar de la excelencia de la carne argentina en la comodidad de su hogar, ideal para parrilladas, asados o cualquier ocasi\u00f3n especial que merezca un toque de distinci\u00f3n. Comen 6 personas , pican 9.","robots":{"index":"index","follow":"follow","max-snippet":"max-snippet:-1","max-image-preview":"max-image-preview:large","max-video-preview":"max-video-preview:-1"},"canonical":"https:\/\/santacarne.es\/pt\/produto\/combo-santa-carne-argentina\/","og_locale":"pt_PT","og_type":"article","og_title":"COMBO SANTA CARNE - Santa Carne","og_description":"PESO: 3,5 kg Aprox. PRECIO: 90. El combo \"Santa Carne\" es perfecto para aquellos que desean disfrutar de la excelencia de la carne argentina en la comodidad de su hogar, ideal para parrilladas, asados o cualquier ocasi\u00f3n especial que merezca un toque de distinci\u00f3n. Comen 6 personas , pican 9.","og_url":"https:\/\/santacarne.es\/pt\/produto\/combo-santa-carne-argentina\/","og_site_name":"Santa Carne","article_publisher":"https:\/\/www.facebook.com\/profile.php?id=61554848311133","article_modified_time":"2026-03-02T19:48:04+00:00","og_image":[{"width":1080,"height":1350,"url":"https:\/\/santacarne.es\/wp-content\/uploads\/2024\/06\/COMBO-1.jpg","type":"image\/jpeg"}],"twitter_card":"summary_large_image","twitter_misc":{"Tempo estimado de leitura":"1 minuto"},"schema":{"@context":"https:\/\/schema.org","@graph":[{"@type":"WebPage","@id":"https:\/\/santacarne.es\/producto\/combo-santa-carne-argentina","url":"https:\/\/santacarne.es\/producto\/combo-santa-carne-argentina","name":"COMBO SANTA CARNE - Santa Carne","isPartOf":{"@id":"https:\/\/santacarne.es\/#website"},"primaryImageOfPage":{"@id":"https:\/\/santacarne.es\/producto\/combo-santa-carne-argentina#primaryimage"},"image":{"@id":"https:\/\/santacarne.es\/producto\/combo-santa-carne-argentina#primaryimage"},"thumbnailUrl":"https:\/\/santacarne.es\/wp-content\/uploads\/2024\/06\/COMBO-1.jpg","datePublished":"2024-06-27T13:52:06+00:00","dateModified":"2026-03-02T19:48:04+00:00","description":"PESO: 3,5 kg Aprox. PRECIO: 90. El combo \"Santa Carne\" es perfecto para aquellos que desean disfrutar de la excelencia de la carne argentina en la comodidad de su hogar, ideal para parrilladas, asados o cualquier ocasi\u00f3n especial que merezca un toque de distinci\u00f3n. Comen 6 personas , pican 9.","breadcrumb":{"@id":"https:\/\/santacarne.es\/producto\/combo-santa-carne-argentina#breadcrumb"},"inLanguage":"pt-PT","potentialAction":[{"@type":"ReadAction","target":["https:\/\/santacarne.es\/producto\/combo-santa-carne-argentina"]}]},{"@type":"ImageObject","inLanguage":"pt-PT","@id":"https:\/\/santacarne.es\/producto\/combo-santa-carne-argentina#primaryimage","url":"https:\/\/santacarne.es\/wp-content\/uploads\/2024\/06\/COMBO-1.jpg","contentUrl":"https:\/\/santacarne.es\/wp-content\/uploads\/2024\/06\/COMBO-1.jpg","width":1080,"height":1350},{"@type":"BreadcrumbList","@id":"https:\/\/santacarne.es\/producto\/combo-santa-carne-argentina#breadcrumb","itemListElement":[{"@type":"ListItem","position":1,"name":"Portada","item":"https:\/\/santacarne.es\/"},{"@type":"ListItem","position":2,"name":"Tienda","item":"https:\/\/santacarne.es\/pt\/tienda"},{"@type":"ListItem","position":3,"name":"COMBO SANTA CARNE"}]},{"@type":"WebSite","@id":"https:\/\/santacarne.es\/#website","url":"https:\/\/santacarne.es\/","name":"Santa Carne","description":"Alimentamos o Sagrado de Compartilhar.","publisher":{"@id":"https:\/\/santacarne.es\/#organization"},"potentialAction":[{"@type":"SearchAction","target":{"@type":"EntryPoint","urlTemplate":"https:\/\/santacarne.es\/?s={search_term_string}"},"query-input":{"@type":"PropertyValueSpecification","valueRequired":true,"valueName":"search_term_string"}}],"inLanguage":"pt-PT"},{"@type":"Organization","@id":"https:\/\/santacarne.es\/#organization","name":"Santa Carne","url":"https:\/\/santacarne.es\/","logo":{"@type":"ImageObject","inLanguage":"pt-PT","@id":"https:\/\/santacarne.es\/#\/schema\/logo\/image\/","url":"https:\/\/santacarne.es\/wp-content\/uploads\/2024\/04\/santa-carne.png","contentUrl":"https:\/\/santacarne.es\/wp-content\/uploads\/2024\/04\/santa-carne.png","width":900,"height":286,"caption":"Santa Carne"},"image":{"@id":"https:\/\/santacarne.es\/#\/schema\/logo\/image\/"},"sameAs":["https:\/\/www.facebook.com\/profile.php?id=61554848311133","https:\/\/www.instagram.com\/sant_carne\/"]}]}},"jetpack_sharing_enabled":true,"_links":{"self":[{"href":"https:\/\/santacarne.es\/pt\/wp-json\/wp\/v2\/product\/3265","targetHints":{"allow":["GET"]}}],"collection":[{"href":"https:\/\/santacarne.es\/pt\/wp-json\/wp\/v2\/product"}],"about":[{"href":"https:\/\/santacarne.es\/pt\/wp-json\/wp\/v2\/types\/product"}],"wp:featuredmedia":[{"embeddable":true,"href":"https:\/\/santacarne.es\/pt\/wp-json\/wp\/v2\/media\/4012"}],"wp:attachment":[{"href":"https:\/\/santacarne.es\/pt\/wp-json\/wp\/v2\/media?parent=3265"}],"wp:term":[{"taxonomy":"product_brand","embeddable":true,"href":"https:\/\/santacarne.es\/pt\/wp-json\/wp\/v2\/product_brand?post=3265"},{"taxonomy":"product_cat","embeddable":true,"href":"https:\/\/santacarne.es\/pt\/wp-json\/wp\/v2\/product_cat?post=3265"},{"taxonomy":"product_tag","embeddable":true,"href":"https:\/\/santacarne.es\/pt\/wp-json\/wp\/v2\/product_tag?post=3265"}],"curies":[{"name":"wp","href":"https:\/\/api.w.org\/{rel}","templated":true}]}}