{"id":2222,"date":"2024-04-11T14:16:51","date_gmt":"2024-04-11T12:16:51","guid":{"rendered":"https:\/\/santacarne.es\/?post_type=product&#038;p=2222"},"modified":"2026-02-25T16:32:11","modified_gmt":"2026-02-25T15:32:11","slug":"tira-asado-angus-irlanda","status":"publish","type":"product","link":"https:\/\/santacarne.es\/pt\/produto\/costela-irlanda","title":{"rendered":"Asado de Tira ANGUS IRLANDA"},"content":{"rendered":"<p><strong>VIDA UTIL<\/strong>: Frescos:<br \/>\nCortes embalados na origem: No caso de produtos com osso recomenda-se o consumo dentro de 48 horas, caso contr\u00e1rio congelar.<br \/>\nCortes embalados a v\u00e1cuo N\u00c3O na origem: No caso de produtos com osso recomenda-se o consumo dentro de 48 horas, caso contr\u00e1rio congelar.<br \/>\nCongelados:<br \/>\nEmbalagem a v\u00e1cuo na fonte: at\u00e9 1 ano.<br \/>\nEnvasado al vac\u00edo no en origen: 4 meses<\/p>","protected":false},"excerpt":{"rendered":"<p><strong>PESO APROXIMADO<\/strong>: 1kg &#8211; 1,3 KG<\/p>\n<p><strong>PRE\u00c7O POR KG<\/strong>: 23,95<\/p>\n<p><strong>ORIGEM<\/strong>: Irlanda.<\/p>\n<p><strong>SITUA\u00c7\u00c3O<\/strong>: Embalagem a v\u00e1cuo na origem\/n\u00e3o origem.<\/p>\n<p><strong>COCCION<\/strong>: Parrila,horno.<\/p>\n<p>La costilla es un corte de carne vacuna que se obtiene de la regi\u00f3n costal del animal. Incluye los huesos y la carne que los rodea y se utiliza habitualmente para preparar platos asados, a la plancha o a la barbacoa.<\/p>\n<p>Las costillas se consideran una carne tierna y sabrosa, pero tambi\u00e9n son relativamente grasas por eso su intensidad en el sabor.<\/p>","protected":false},"featured_media":2148,"template":"","meta":{"_joinchat":[]},"product_brand":[],"product_cat":[108,15],"product_tag":[40],"class_list":{"0":"post-2222","1":"product","2":"type-product","3":"status-publish","4":"has-post-thumbnail","6":"product_cat-cortes-individuales","7":"product_cat-todos-los-productos","8":"product_tag-francia","9":"tm-no-options","11":"first","12":"instock","13":"purchasable","14":"product-type-variable"},"yoast_head":"<!-- This site is optimized with the Yoast SEO plugin v27.3 - https:\/\/yoast.com\/product\/yoast-seo-wordpress\/ -->\n<title>Asado de Tira ANGUS IRLANDA - Santa Carne<\/title>\n<meta name=\"description\" content=\"PESO: 1kg-1,3 KGS. PRECIO POR KG: 23,95. En Santa Carne siempre tendr\u00e1s la Mejor Carne al Mejor Precio. Santa Carne Santa Carne\" \/>\n<meta name=\"robots\" content=\"index, follow, max-snippet:-1, max-image-preview:large, max-video-preview:-1\" \/>\n<link rel=\"canonical\" href=\"https:\/\/santacarne.es\/pt\/produto\/costela-irlanda\/\" \/>\n<meta property=\"og:locale\" content=\"pt_PT\" \/>\n<meta property=\"og:type\" content=\"article\" \/>\n<meta property=\"og:title\" content=\"Asado de Tira ANGUS IRLANDA - Santa Carne\" \/>\n<meta property=\"og:description\" content=\"PESO: 1kg-1,3 KGS. PRECIO POR KG: 23,95. En Santa Carne siempre tendr\u00e1s la Mejor Carne al Mejor Precio. Santa Carne Santa Carne\" \/>\n<meta property=\"og:url\" content=\"https:\/\/santacarne.es\/pt\/produto\/costela-irlanda\/\" \/>\n<meta property=\"og:site_name\" content=\"Santa Carne\" \/>\n<meta property=\"article:publisher\" content=\"https:\/\/www.facebook.com\/profile.php?id=61554848311133\" \/>\n<meta property=\"article:modified_time\" content=\"2026-02-25T15:32:11+00:00\" \/>\n<meta property=\"og:image\" content=\"https:\/\/santacarne.es\/wp-content\/uploads\/2019\/01\/costillas-de-vaca.jpg\" \/>\n\t<meta property=\"og:image:width\" content=\"600\" \/>\n\t<meta property=\"og:image:height\" content=\"600\" \/>\n\t<meta property=\"og:image:type\" content=\"image\/jpeg\" \/>\n<meta name=\"twitter:card\" content=\"summary_large_image\" \/>\n<meta name=\"twitter:label1\" content=\"Tempo estimado de leitura\" \/>\n\t<meta name=\"twitter:data1\" content=\"1 minuto\" \/>\n<script type=\"application\/ld+json\" class=\"yoast-schema-graph\">{\"@context\":\"https:\\\/\\\/schema.org\",\"@graph\":[{\"@type\":\"WebPage\",\"@id\":\"https:\\\/\\\/santacarne.es\\\/producto\\\/tira-asado-angus-irlanda\",\"url\":\"https:\\\/\\\/santacarne.es\\\/producto\\\/tira-asado-angus-irlanda\",\"name\":\"Asado de Tira ANGUS IRLANDA - Santa Carne\",\"isPartOf\":{\"@id\":\"https:\\\/\\\/santacarne.es\\\/#website\"},\"primaryImageOfPage\":{\"@id\":\"https:\\\/\\\/santacarne.es\\\/producto\\\/tira-asado-angus-irlanda#primaryimage\"},\"image\":{\"@id\":\"https:\\\/\\\/santacarne.es\\\/producto\\\/tira-asado-angus-irlanda#primaryimage\"},\"thumbnailUrl\":\"https:\\\/\\\/santacarne.es\\\/wp-content\\\/uploads\\\/2019\\\/01\\\/costillas-de-vaca.jpg\",\"datePublished\":\"2024-04-11T12:16:51+00:00\",\"dateModified\":\"2026-02-25T15:32:11+00:00\",\"description\":\"PESO: 1kg-1,3 KGS. PRECIO POR KG: 23,95. En Santa Carne siempre tendr\u00e1s la Mejor Carne al Mejor Precio. Santa Carne Santa Carne\",\"breadcrumb\":{\"@id\":\"https:\\\/\\\/santacarne.es\\\/producto\\\/tira-asado-angus-irlanda#breadcrumb\"},\"inLanguage\":\"pt-PT\",\"potentialAction\":[{\"@type\":\"ReadAction\",\"target\":[\"https:\\\/\\\/santacarne.es\\\/producto\\\/tira-asado-angus-irlanda\"]}]},{\"@type\":\"ImageObject\",\"inLanguage\":\"pt-PT\",\"@id\":\"https:\\\/\\\/santacarne.es\\\/producto\\\/tira-asado-angus-irlanda#primaryimage\",\"url\":\"https:\\\/\\\/santacarne.es\\\/wp-content\\\/uploads\\\/2019\\\/01\\\/costillas-de-vaca.jpg\",\"contentUrl\":\"https:\\\/\\\/santacarne.es\\\/wp-content\\\/uploads\\\/2019\\\/01\\\/costillas-de-vaca.jpg\",\"width\":600,\"height\":600,\"caption\":\"Ventana de Costillar IRLANDA\"},{\"@type\":\"BreadcrumbList\",\"@id\":\"https:\\\/\\\/santacarne.es\\\/producto\\\/tira-asado-angus-irlanda#breadcrumb\",\"itemListElement\":[{\"@type\":\"ListItem\",\"position\":1,\"name\":\"Portada\",\"item\":\"https:\\\/\\\/santacarne.es\\\/\"},{\"@type\":\"ListItem\",\"position\":2,\"name\":\"Tienda\",\"item\":\"https:\\\/\\\/santacarne.es\\\/pt\\\/tienda\"},{\"@type\":\"ListItem\",\"position\":3,\"name\":\"Asado de Tira ANGUS IRLANDA\"}]},{\"@type\":\"WebSite\",\"@id\":\"https:\\\/\\\/santacarne.es\\\/#website\",\"url\":\"https:\\\/\\\/santacarne.es\\\/\",\"name\":\"Santa Carne\",\"description\":\"Alimentamos lo Sagrado de Compartir.\",\"publisher\":{\"@id\":\"https:\\\/\\\/santacarne.es\\\/#organization\"},\"potentialAction\":[{\"@type\":\"SearchAction\",\"target\":{\"@type\":\"EntryPoint\",\"urlTemplate\":\"https:\\\/\\\/santacarne.es\\\/?s={search_term_string}\"},\"query-input\":{\"@type\":\"PropertyValueSpecification\",\"valueRequired\":true,\"valueName\":\"search_term_string\"}}],\"inLanguage\":\"pt-PT\"},{\"@type\":\"Organization\",\"@id\":\"https:\\\/\\\/santacarne.es\\\/#organization\",\"name\":\"Santa Carne\",\"url\":\"https:\\\/\\\/santacarne.es\\\/\",\"logo\":{\"@type\":\"ImageObject\",\"inLanguage\":\"pt-PT\",\"@id\":\"https:\\\/\\\/santacarne.es\\\/#\\\/schema\\\/logo\\\/image\\\/\",\"url\":\"https:\\\/\\\/santacarne.es\\\/wp-content\\\/uploads\\\/2024\\\/04\\\/santa-carne.png\",\"contentUrl\":\"https:\\\/\\\/santacarne.es\\\/wp-content\\\/uploads\\\/2024\\\/04\\\/santa-carne.png\",\"width\":900,\"height\":286,\"caption\":\"Santa Carne\"},\"image\":{\"@id\":\"https:\\\/\\\/santacarne.es\\\/#\\\/schema\\\/logo\\\/image\\\/\"},\"sameAs\":[\"https:\\\/\\\/www.facebook.com\\\/profile.php?id=61554848311133\",\"https:\\\/\\\/www.instagram.com\\\/sant_carne\\\/\"]}]}<\/script>\n<!-- \/ Yoast SEO plugin. -->","yoast_head_json":{"title":"Asado de Tira ANGUS IRLANDA - Santa Carne","description":"PESO: 1kg-1,3 KGS. PRECIO POR KG: 23,95. En Santa Carne siempre tendr\u00e1s la Mejor Carne al Mejor Precio. Santa Carne Santa Carne","robots":{"index":"index","follow":"follow","max-snippet":"max-snippet:-1","max-image-preview":"max-image-preview:large","max-video-preview":"max-video-preview:-1"},"canonical":"https:\/\/santacarne.es\/pt\/produto\/costela-irlanda\/","og_locale":"pt_PT","og_type":"article","og_title":"Asado de Tira ANGUS IRLANDA - Santa Carne","og_description":"PESO: 1kg-1,3 KGS. PRECIO POR KG: 23,95. En Santa Carne siempre tendr\u00e1s la Mejor Carne al Mejor Precio. Santa Carne Santa Carne","og_url":"https:\/\/santacarne.es\/pt\/produto\/costela-irlanda\/","og_site_name":"Santa Carne","article_publisher":"https:\/\/www.facebook.com\/profile.php?id=61554848311133","article_modified_time":"2026-02-25T15:32:11+00:00","og_image":[{"width":600,"height":600,"url":"https:\/\/santacarne.es\/wp-content\/uploads\/2019\/01\/costillas-de-vaca.jpg","type":"image\/jpeg"}],"twitter_card":"summary_large_image","twitter_misc":{"Tempo estimado de leitura":"1 minuto"},"schema":{"@context":"https:\/\/schema.org","@graph":[{"@type":"WebPage","@id":"https:\/\/santacarne.es\/producto\/tira-asado-angus-irlanda","url":"https:\/\/santacarne.es\/producto\/tira-asado-angus-irlanda","name":"Asado de Tira ANGUS IRLANDA - Santa Carne","isPartOf":{"@id":"https:\/\/santacarne.es\/#website"},"primaryImageOfPage":{"@id":"https:\/\/santacarne.es\/producto\/tira-asado-angus-irlanda#primaryimage"},"image":{"@id":"https:\/\/santacarne.es\/producto\/tira-asado-angus-irlanda#primaryimage"},"thumbnailUrl":"https:\/\/santacarne.es\/wp-content\/uploads\/2019\/01\/costillas-de-vaca.jpg","datePublished":"2024-04-11T12:16:51+00:00","dateModified":"2026-02-25T15:32:11+00:00","description":"PESO: 1kg-1,3 KGS. PRECIO POR KG: 23,95. En Santa Carne siempre tendr\u00e1s la Mejor Carne al Mejor Precio. Santa Carne Santa Carne","breadcrumb":{"@id":"https:\/\/santacarne.es\/producto\/tira-asado-angus-irlanda#breadcrumb"},"inLanguage":"pt-PT","potentialAction":[{"@type":"ReadAction","target":["https:\/\/santacarne.es\/producto\/tira-asado-angus-irlanda"]}]},{"@type":"ImageObject","inLanguage":"pt-PT","@id":"https:\/\/santacarne.es\/producto\/tira-asado-angus-irlanda#primaryimage","url":"https:\/\/santacarne.es\/wp-content\/uploads\/2019\/01\/costillas-de-vaca.jpg","contentUrl":"https:\/\/santacarne.es\/wp-content\/uploads\/2019\/01\/costillas-de-vaca.jpg","width":600,"height":600,"caption":"Ventana de Costillar IRLANDA"},{"@type":"BreadcrumbList","@id":"https:\/\/santacarne.es\/producto\/tira-asado-angus-irlanda#breadcrumb","itemListElement":[{"@type":"ListItem","position":1,"name":"Portada","item":"https:\/\/santacarne.es\/"},{"@type":"ListItem","position":2,"name":"Tienda","item":"https:\/\/santacarne.es\/pt\/tienda"},{"@type":"ListItem","position":3,"name":"Asado de Tira ANGUS IRLANDA"}]},{"@type":"WebSite","@id":"https:\/\/santacarne.es\/#website","url":"https:\/\/santacarne.es\/","name":"Santa Carne","description":"Alimentamos o Sagrado de Compartilhar.","publisher":{"@id":"https:\/\/santacarne.es\/#organization"},"potentialAction":[{"@type":"SearchAction","target":{"@type":"EntryPoint","urlTemplate":"https:\/\/santacarne.es\/?s={search_term_string}"},"query-input":{"@type":"PropertyValueSpecification","valueRequired":true,"valueName":"search_term_string"}}],"inLanguage":"pt-PT"},{"@type":"Organization","@id":"https:\/\/santacarne.es\/#organization","name":"Santa Carne","url":"https:\/\/santacarne.es\/","logo":{"@type":"ImageObject","inLanguage":"pt-PT","@id":"https:\/\/santacarne.es\/#\/schema\/logo\/image\/","url":"https:\/\/santacarne.es\/wp-content\/uploads\/2024\/04\/santa-carne.png","contentUrl":"https:\/\/santacarne.es\/wp-content\/uploads\/2024\/04\/santa-carne.png","width":900,"height":286,"caption":"Santa Carne"},"image":{"@id":"https:\/\/santacarne.es\/#\/schema\/logo\/image\/"},"sameAs":["https:\/\/www.facebook.com\/profile.php?id=61554848311133","https:\/\/www.instagram.com\/sant_carne\/"]}]}},"jetpack_sharing_enabled":true,"_links":{"self":[{"href":"https:\/\/santacarne.es\/pt\/wp-json\/wp\/v2\/product\/2222","targetHints":{"allow":["GET"]}}],"collection":[{"href":"https:\/\/santacarne.es\/pt\/wp-json\/wp\/v2\/product"}],"about":[{"href":"https:\/\/santacarne.es\/pt\/wp-json\/wp\/v2\/types\/product"}],"wp:featuredmedia":[{"embeddable":true,"href":"https:\/\/santacarne.es\/pt\/wp-json\/wp\/v2\/media\/2148"}],"wp:attachment":[{"href":"https:\/\/santacarne.es\/pt\/wp-json\/wp\/v2\/media?parent=2222"}],"wp:term":[{"taxonomy":"product_brand","embeddable":true,"href":"https:\/\/santacarne.es\/pt\/wp-json\/wp\/v2\/product_brand?post=2222"},{"taxonomy":"product_cat","embeddable":true,"href":"https:\/\/santacarne.es\/pt\/wp-json\/wp\/v2\/product_cat?post=2222"},{"taxonomy":"product_tag","embeddable":true,"href":"https:\/\/santacarne.es\/pt\/wp-json\/wp\/v2\/product_tag?post=2222"}],"curies":[{"name":"wp","href":"https:\/\/api.w.org\/{rel}","templated":true}]}}