{"id":213,"date":"2019-01-16T13:01:52","date_gmt":"2019-01-16T13:01:52","guid":{"rendered":"https:\/\/woocommercecore.mystagingwebsite.com\/product\/hoodie-with-logo\/"},"modified":"2026-04-11T14:02:55","modified_gmt":"2026-04-11T12:02:55","slug":"filete-bife-de-chorizo","status":"publish","type":"product","link":"https:\/\/santacarne.es\/pt\/produto\/filete-bife-de-chorizo","title":{"rendered":"Filete de Lomo Bajo &#8220;Black Ranch&#8221;\/ Bife de Chorizo ARGENTINO (2U)"},"content":{"rendered":"<p><strong>VIDA UTIL<\/strong>: Frescos:<br \/>\nCortes embalados na origem: 120 dias a partir da data de abate descrita na etiqueta do produto.<br \/>\nCortes embalados a v\u00e1cuo N\u00c3O na origem: 15 dias a partir da data do acondicionamento descrita na etiqueta do produto.<br \/>\nCongelados:<br \/>\nEmbalagem a v\u00e1cuo na fonte: at\u00e9 1 ano.<br \/>\nEmbalagem a v\u00e1cuo n\u00e3o na origem: 6 meses.<\/p>\n<p><strong>CARNE ARGENTINA SUSTENT\u00c1VEL<\/strong>: Esta carne \u00e9 sustent\u00e1vel e respeita o meio ambiente.<br \/>\nA carne argentina se destaca pela sua qualidade e \u00e9 cada vez mais popular na Europa, onde a sociedade est\u00e1 apostando cada vez mais por produtos \u00e0 base de carne importados sustent\u00e1veis e de qualidade. Em um mercado exigente, espera-se tanto a continuidade no fornecimento como inova\u00e7\u00e3o nas produ\u00e7\u00f5es ecol\u00f3gicas, respeitando as boas pr\u00e1ticas agr\u00edcolas e pecu\u00e1rias.<br \/>\nA pecu\u00e1ria extensiva utilizada na Argentina ajuda a manter ecossistemas que funcionam como sumidouros de di\u00f3xido de carbono por evitar o desmatamento de pastagens e prados. A maioria da produ\u00e7\u00e3o argentina vem destes sistemas pastoris, que t\u00eam uma grande capacidade para fixar carbono.<br \/>\nAl\u00e9m disso, a produ\u00e7\u00e3o de gado na Argentina tem uma baixa pegada h\u00eddrica e \u00e9 compat\u00edvel com a flora e a fauna nativa, contribuindo para a conserva\u00e7\u00e3o da biodiversidade e das terras.<br \/>\nA maior parte dos sistemas de produ\u00e7\u00e3o de carne bovina na Argentina tem pouca depend\u00eancia de insumos externos, j\u00e1 que se baseiam em pastagens naturais, atrav\u00e9s da cria\u00e7\u00e3o extensiva, o que reduz a necessidade de agroqu\u00edmicos, fertilizantes e outros inputs externos.<\/p>","protected":false},"excerpt":{"rendered":"<p><strong>PESO APROXIMADO<\/strong>: 700 GRAMOS (2 x 350GR c\/u)<\/p>\n<p><strong>ORIGEM<\/strong>: Argentina.<\/p>\n<p><strong>SITUA\u00c7\u00c3O<\/strong>: Embalagem a v\u00e1cuo.<\/p>\n<p><strong>COCCION<\/strong>: Ferro de engomar, forno, churrasqueira.<\/p>\n<p>Muito suave e de sabor excepcional, corte<br \/>\ncom gordura abundante como cobertura e a<br \/>\nquantidade certa de gordura intramuscular, isso<br \/>\nd\u00e1 textura e sucul\u00eancia. \u00c9 cortada por<br \/>\na parte posterior do dorso. Localiza-Se na<br \/>\nprimeira metade da parte pr\u00f3xima ao quarto<br \/>\ntraseiro do flanco inteiro. Esse corte \u00e9 o<br \/>\nconhecido &#034;Bife de chorizo&#034; argentino.<\/p>","protected":false},"featured_media":3101,"template":"","meta":{"_joinchat":[]},"product_brand":[],"product_cat":[108,15],"product_tag":[37,49],"class_list":{"0":"post-213","1":"product","2":"type-product","3":"status-publish","4":"has-post-thumbnail","6":"product_cat-cortes-individuales","7":"product_cat-todos-los-productos","8":"product_tag-espana","9":"product_tag-portugal","10":"tm-no-options","12":"first","13":"instock","14":"purchasable","15":"product-type-simple"},"yoast_head":"<!-- This site is optimized with the Yoast SEO plugin v27.5 - https:\/\/yoast.com\/product\/yoast-seo-wordpress\/ -->\n<title>Filete de Lomo Bajo &quot;Black Ranch&quot;\/ Bife de Chorizo ARGENTINO (2U) - Santa Carne<\/title>\n<meta name=\"description\" content=\"PESO APROX,: 700 GRAMOS (2 x 350GR c\/u). PRECIO: 23,50\u20ac. En Santa Carne siempre tendr\u00e1s la Mejor Carne Argentina al Mejor Precio.\" \/>\n<meta name=\"robots\" content=\"index, follow, max-snippet:-1, max-image-preview:large, max-video-preview:-1\" \/>\n<link rel=\"canonical\" href=\"https:\/\/santacarne.es\/pt\/produto\/filete-bife-de-chorizo\/\" \/>\n<meta property=\"og:locale\" content=\"pt_PT\" \/>\n<meta property=\"og:type\" content=\"article\" \/>\n<meta property=\"og:title\" content=\"Filete de Lomo Bajo &quot;Black Ranch&quot;\/ Bife de Chorizo ARGENTINO (2U) - Santa Carne\" \/>\n<meta property=\"og:description\" content=\"PESO APROX,: 700 GRAMOS (2 x 350GR c\/u). PRECIO: 23,50\u20ac. En Santa Carne siempre tendr\u00e1s la Mejor Carne Argentina al Mejor Precio.\" \/>\n<meta property=\"og:url\" content=\"https:\/\/santacarne.es\/pt\/produto\/filete-bife-de-chorizo\/\" \/>\n<meta property=\"og:site_name\" content=\"Santa Carne\" \/>\n<meta property=\"article:publisher\" content=\"https:\/\/www.facebook.com\/profile.php?id=61554848311133\" \/>\n<meta property=\"article:modified_time\" content=\"2026-04-11T12:02:55+00:00\" \/>\n<meta property=\"og:image\" content=\"https:\/\/santacarne.es\/wp-content\/uploads\/2024\/04\/48.jpg\" \/>\n\t<meta property=\"og:image:width\" content=\"600\" \/>\n\t<meta property=\"og:image:height\" content=\"600\" \/>\n\t<meta property=\"og:image:type\" content=\"image\/jpeg\" \/>\n<meta name=\"twitter:card\" content=\"summary_large_image\" \/>\n<meta name=\"twitter:label1\" content=\"Tempo estimado de leitura\" \/>\n\t<meta name=\"twitter:data1\" content=\"2 minutos\" \/>\n<script type=\"application\/ld+json\" class=\"yoast-schema-graph\">{\"@context\":\"https:\\\/\\\/schema.org\",\"@graph\":[{\"@type\":\"WebPage\",\"@id\":\"https:\\\/\\\/santacarne.es\\\/producto\\\/filete-bife-de-chorizo\",\"url\":\"https:\\\/\\\/santacarne.es\\\/producto\\\/filete-bife-de-chorizo\",\"name\":\"Filete de Lomo Bajo \\\"Black Ranch\\\"\\\/ Bife de Chorizo ARGENTINO (2U) - Santa Carne\",\"isPartOf\":{\"@id\":\"https:\\\/\\\/santacarne.es\\\/#website\"},\"primaryImageOfPage\":{\"@id\":\"https:\\\/\\\/santacarne.es\\\/producto\\\/filete-bife-de-chorizo#primaryimage\"},\"image\":{\"@id\":\"https:\\\/\\\/santacarne.es\\\/producto\\\/filete-bife-de-chorizo#primaryimage\"},\"thumbnailUrl\":\"https:\\\/\\\/santacarne.es\\\/wp-content\\\/uploads\\\/2024\\\/04\\\/48.jpg\",\"datePublished\":\"2019-01-16T13:01:52+00:00\",\"dateModified\":\"2026-04-11T12:02:55+00:00\",\"description\":\"PESO APROX,: 700 GRAMOS (2 x 350GR c\\\/u). PRECIO: 23,50\u20ac. En Santa Carne siempre tendr\u00e1s la Mejor Carne Argentina al Mejor Precio.\",\"breadcrumb\":{\"@id\":\"https:\\\/\\\/santacarne.es\\\/producto\\\/filete-bife-de-chorizo#breadcrumb\"},\"inLanguage\":\"pt-PT\",\"potentialAction\":[{\"@type\":\"ReadAction\",\"target\":[\"https:\\\/\\\/santacarne.es\\\/producto\\\/filete-bife-de-chorizo\"]}]},{\"@type\":\"ImageObject\",\"inLanguage\":\"pt-PT\",\"@id\":\"https:\\\/\\\/santacarne.es\\\/producto\\\/filete-bife-de-chorizo#primaryimage\",\"url\":\"https:\\\/\\\/santacarne.es\\\/wp-content\\\/uploads\\\/2024\\\/04\\\/48.jpg\",\"contentUrl\":\"https:\\\/\\\/santacarne.es\\\/wp-content\\\/uploads\\\/2024\\\/04\\\/48.jpg\",\"width\":600,\"height\":600},{\"@type\":\"BreadcrumbList\",\"@id\":\"https:\\\/\\\/santacarne.es\\\/producto\\\/filete-bife-de-chorizo#breadcrumb\",\"itemListElement\":[{\"@type\":\"ListItem\",\"position\":1,\"name\":\"Portada\",\"item\":\"https:\\\/\\\/santacarne.es\\\/\"},{\"@type\":\"ListItem\",\"position\":2,\"name\":\"Tienda\",\"item\":\"https:\\\/\\\/santacarne.es\\\/pt\\\/tienda\"},{\"@type\":\"ListItem\",\"position\":3,\"name\":\"Filete de Lomo Bajo &#8220;Black Ranch&#8221;\\\/ Bife de Chorizo ARGENTINO (2U)\"}]},{\"@type\":\"WebSite\",\"@id\":\"https:\\\/\\\/santacarne.es\\\/#website\",\"url\":\"https:\\\/\\\/santacarne.es\\\/\",\"name\":\"Santa Carne\",\"description\":\"Alimentamos lo Sagrado de Compartir.\",\"publisher\":{\"@id\":\"https:\\\/\\\/santacarne.es\\\/#organization\"},\"potentialAction\":[{\"@type\":\"SearchAction\",\"target\":{\"@type\":\"EntryPoint\",\"urlTemplate\":\"https:\\\/\\\/santacarne.es\\\/?s={search_term_string}\"},\"query-input\":{\"@type\":\"PropertyValueSpecification\",\"valueRequired\":true,\"valueName\":\"search_term_string\"}}],\"inLanguage\":\"pt-PT\"},{\"@type\":\"Organization\",\"@id\":\"https:\\\/\\\/santacarne.es\\\/#organization\",\"name\":\"Santa Carne\",\"url\":\"https:\\\/\\\/santacarne.es\\\/\",\"logo\":{\"@type\":\"ImageObject\",\"inLanguage\":\"pt-PT\",\"@id\":\"https:\\\/\\\/santacarne.es\\\/#\\\/schema\\\/logo\\\/image\\\/\",\"url\":\"https:\\\/\\\/santacarne.es\\\/wp-content\\\/uploads\\\/2024\\\/04\\\/santa-carne.png\",\"contentUrl\":\"https:\\\/\\\/santacarne.es\\\/wp-content\\\/uploads\\\/2024\\\/04\\\/santa-carne.png\",\"width\":900,\"height\":286,\"caption\":\"Santa Carne\"},\"image\":{\"@id\":\"https:\\\/\\\/santacarne.es\\\/#\\\/schema\\\/logo\\\/image\\\/\"},\"sameAs\":[\"https:\\\/\\\/www.facebook.com\\\/profile.php?id=61554848311133\",\"https:\\\/\\\/www.instagram.com\\\/sant_carne\\\/\"]}]}<\/script>\n<!-- \/ Yoast SEO plugin. -->","yoast_head_json":{"title":"Filete de Lomo Bajo \"Black Ranch\"\/ Bife de Chorizo ARGENTINO (2U) - Santa Carne","description":"PESO APROX,: 700 GRAMOS (2 x 350GR c\/u). PRECIO: 23,50\u20ac. En Santa Carne siempre tendr\u00e1s la Mejor Carne Argentina al Mejor Precio.","robots":{"index":"index","follow":"follow","max-snippet":"max-snippet:-1","max-image-preview":"max-image-preview:large","max-video-preview":"max-video-preview:-1"},"canonical":"https:\/\/santacarne.es\/pt\/produto\/filete-bife-de-chorizo\/","og_locale":"pt_PT","og_type":"article","og_title":"Filete de Lomo Bajo \"Black Ranch\"\/ Bife de Chorizo ARGENTINO (2U) - Santa Carne","og_description":"PESO APROX,: 700 GRAMOS (2 x 350GR c\/u). PRECIO: 23,50\u20ac. En Santa Carne siempre tendr\u00e1s la Mejor Carne Argentina al Mejor Precio.","og_url":"https:\/\/santacarne.es\/pt\/produto\/filete-bife-de-chorizo\/","og_site_name":"Santa Carne","article_publisher":"https:\/\/www.facebook.com\/profile.php?id=61554848311133","article_modified_time":"2026-04-11T12:02:55+00:00","og_image":[{"width":600,"height":600,"url":"https:\/\/santacarne.es\/wp-content\/uploads\/2024\/04\/48.jpg","type":"image\/jpeg"}],"twitter_card":"summary_large_image","twitter_misc":{"Tempo estimado de leitura":"2 minutos"},"schema":{"@context":"https:\/\/schema.org","@graph":[{"@type":"WebPage","@id":"https:\/\/santacarne.es\/producto\/filete-bife-de-chorizo","url":"https:\/\/santacarne.es\/producto\/filete-bife-de-chorizo","name":"Filete de Lomo Bajo \"Black Ranch\"\/ Bife de Chorizo ARGENTINO (2U) - Santa Carne","isPartOf":{"@id":"https:\/\/santacarne.es\/#website"},"primaryImageOfPage":{"@id":"https:\/\/santacarne.es\/producto\/filete-bife-de-chorizo#primaryimage"},"image":{"@id":"https:\/\/santacarne.es\/producto\/filete-bife-de-chorizo#primaryimage"},"thumbnailUrl":"https:\/\/santacarne.es\/wp-content\/uploads\/2024\/04\/48.jpg","datePublished":"2019-01-16T13:01:52+00:00","dateModified":"2026-04-11T12:02:55+00:00","description":"PESO APROX,: 700 GRAMOS (2 x 350GR c\/u). PRECIO: 23,50\u20ac. En Santa Carne siempre tendr\u00e1s la Mejor Carne Argentina al Mejor Precio.","breadcrumb":{"@id":"https:\/\/santacarne.es\/producto\/filete-bife-de-chorizo#breadcrumb"},"inLanguage":"pt-PT","potentialAction":[{"@type":"ReadAction","target":["https:\/\/santacarne.es\/producto\/filete-bife-de-chorizo"]}]},{"@type":"ImageObject","inLanguage":"pt-PT","@id":"https:\/\/santacarne.es\/producto\/filete-bife-de-chorizo#primaryimage","url":"https:\/\/santacarne.es\/wp-content\/uploads\/2024\/04\/48.jpg","contentUrl":"https:\/\/santacarne.es\/wp-content\/uploads\/2024\/04\/48.jpg","width":600,"height":600},{"@type":"BreadcrumbList","@id":"https:\/\/santacarne.es\/producto\/filete-bife-de-chorizo#breadcrumb","itemListElement":[{"@type":"ListItem","position":1,"name":"Portada","item":"https:\/\/santacarne.es\/"},{"@type":"ListItem","position":2,"name":"Tienda","item":"https:\/\/santacarne.es\/pt\/tienda"},{"@type":"ListItem","position":3,"name":"Filete de Lomo Bajo &#8220;Black Ranch&#8221;\/ Bife de Chorizo ARGENTINO (2U)"}]},{"@type":"WebSite","@id":"https:\/\/santacarne.es\/#website","url":"https:\/\/santacarne.es\/","name":"Santa Carne","description":"Alimentamos o Sagrado de Compartilhar.","publisher":{"@id":"https:\/\/santacarne.es\/#organization"},"potentialAction":[{"@type":"SearchAction","target":{"@type":"EntryPoint","urlTemplate":"https:\/\/santacarne.es\/?s={search_term_string}"},"query-input":{"@type":"PropertyValueSpecification","valueRequired":true,"valueName":"search_term_string"}}],"inLanguage":"pt-PT"},{"@type":"Organization","@id":"https:\/\/santacarne.es\/#organization","name":"Santa Carne","url":"https:\/\/santacarne.es\/","logo":{"@type":"ImageObject","inLanguage":"pt-PT","@id":"https:\/\/santacarne.es\/#\/schema\/logo\/image\/","url":"https:\/\/santacarne.es\/wp-content\/uploads\/2024\/04\/santa-carne.png","contentUrl":"https:\/\/santacarne.es\/wp-content\/uploads\/2024\/04\/santa-carne.png","width":900,"height":286,"caption":"Santa Carne"},"image":{"@id":"https:\/\/santacarne.es\/#\/schema\/logo\/image\/"},"sameAs":["https:\/\/www.facebook.com\/profile.php?id=61554848311133","https:\/\/www.instagram.com\/sant_carne\/"]}]}},"jetpack_sharing_enabled":true,"_links":{"self":[{"href":"https:\/\/santacarne.es\/pt\/wp-json\/wp\/v2\/product\/213","targetHints":{"allow":["GET"]}}],"collection":[{"href":"https:\/\/santacarne.es\/pt\/wp-json\/wp\/v2\/product"}],"about":[{"href":"https:\/\/santacarne.es\/pt\/wp-json\/wp\/v2\/types\/product"}],"wp:featuredmedia":[{"embeddable":true,"href":"https:\/\/santacarne.es\/pt\/wp-json\/wp\/v2\/media\/3101"}],"wp:attachment":[{"href":"https:\/\/santacarne.es\/pt\/wp-json\/wp\/v2\/media?parent=213"}],"wp:term":[{"taxonomy":"product_brand","embeddable":true,"href":"https:\/\/santacarne.es\/pt\/wp-json\/wp\/v2\/product_brand?post=213"},{"taxonomy":"product_cat","embeddable":true,"href":"https:\/\/santacarne.es\/pt\/wp-json\/wp\/v2\/product_cat?post=213"},{"taxonomy":"product_tag","embeddable":true,"href":"https:\/\/santacarne.es\/pt\/wp-json\/wp\/v2\/product_tag?post=213"}],"curies":[{"name":"wp","href":"https:\/\/api.w.org\/{rel}","templated":true}]}}