{"id":1722,"date":"2024-03-24T21:03:54","date_gmt":"2024-03-24T20:03:54","guid":{"rendered":"https:\/\/santacarne.es\/?page_id=1722"},"modified":"2025-11-21T16:49:41","modified_gmt":"2025-11-21T15:49:41","slug":"politica-de-devoluciones","status":"publish","type":"page","link":"https:\/\/santacarne.es\/pt\/politica-de-devoluciones","title":{"rendered":"Pol\u00edtica de devolu\u00e7\u00f5es"},"content":{"rendered":"<p><strong>SANTA CARNE TIENDA\u00a0<\/strong>comercializa y distribuye productos perecederos, por lo que no podemos aceptar mercanc\u00eda devuelta una vez recibido de conformidad.<\/p>\n<p>Verifique la direcci\u00f3n de env\u00edo: no nos hacemos responsables si la direcci\u00f3n de env\u00edo es incorrecta o est\u00e1 incompleta. Aseg\u00farese de verificar las direcciones.<\/p>\n<p>Revise cuidadosamente la fecha de entrega.<\/p>\n<h3>Cancelaciones de pedidos<\/h3>\n<p>Una vez hecho el pedido no se aceptan cambios o devoluciones.<br \/>\n<strong><br \/>\nGARANT\u00cdA<\/strong><\/p>\n<p>En SANTA CARNE garantizamos que la carne que ofrecemos es 100% natural y libre de inyecci\u00f3n de agua; con lo que tendr\u00e1s la seguridad de estar recibiendo productos de la mejor calidad, saludables y con el mejor sabor.<br \/>\nDe igual forma, siempre verificamos los productos, el empaque y etiquetado para garantizar la calidad que ofrecemos. No obstante, siempre revisa tu pedido cuando lo recibas.<\/p>\n<p>\u00bfHay alg\u00fan problema de calidad?<br \/>\nSi alguno de los productos presenta alg\u00fan problema de calidad, escr\u00edbenos por WhatsApp al +34 688 71 61 31: por tratarse de productos perecederos, s\u00f3lo se admiten reclamaciones en las 24 horas siguientes a la entrega del producto.<\/p>\n<p>Env\u00edanos fotograf\u00edas del estado de tu pedido y cu\u00e9ntanos una breve descripci\u00f3n del problema que presenta.<br \/>\n<strong><br \/>\n\u00bfQu\u00e9 pasa si el contenido de uno o varios productos es incorrecto?<br \/>\n<\/strong>Si el contenido de uno o varios productos es incorrecto, com\u00e9ntaselo al repartidor para que inmediatamente demos inicio al proceso de tu queja y resolvamos el inconveniente a la brevedad.<strong><br \/>\n<\/strong><\/p>\n<h2><strong>POL\u00cdTICA DE REEMBOLSO<\/strong><\/h2>\n<p>Esta garant\u00eda aplica en el momento de entrega: si uno o varios productos no te satisface por su calidad, frescura, defectos en empaque o est\u00e1 mal etiquetado, debes coment\u00e1rselo en ese momento al repartidor y no aceptar de recibido ni conformidad el paquete.<br \/>\nPara que pueda haber un reembolso del 100% (sin incluir el env\u00edo), la devoluci\u00f3n debe hacerse en el momento de la entrega. Nuestro repartidor tomar\u00e1 el producto devuelto y se realizar\u00e1 el proceso de devoluci\u00f3n del pago realizado.<\/p>\n<h2><strong>SERVICIO AL CLIENTE<\/strong><\/h2>\n<p>Nuestros representantes de servicio al cliente est\u00e1n disponibles de lunes a viernes de 9 a.m. a 6 p.m . La forma m\u00e1s r\u00e1pida de ponerse en contacto con SANTA CARNE es por medio de WhatsApp al +34 688 71 61 31, o al correo electr\u00f3nico: <a href=\"mailto:info@santacarne.es\" target=\"_blank\" rel=\"noopener\">info@santacarne.es<\/a><\/p>","protected":false},"excerpt":{"rendered":"<p>SANTA CARNE TIENDA\u00a0comercializa y distribuye productos perecederos, por lo que no podemos aceptar mercanc\u00eda devuelta una vez recibido de conformidad. Verifique la direcci\u00f3n de env\u00edo: no nos hacemos responsables si la direcci\u00f3n de env\u00edo es incorrecta o est\u00e1 incompleta. Aseg\u00farese de verificar las direcciones. Revise cuidadosamente la fecha de entrega. Cancelaciones de pedidos Una vez <span>&#8230;<\/span><\/p>","protected":false},"author":4,"featured_media":0,"parent":0,"menu_order":0,"comment_status":"closed","ping_status":"closed","template":"","meta":{"_joinchat":[],"footnotes":""},"class_list":["post-1722","page","type-page","status-publish","hentry"],"yoast_head":"<!-- This site is optimized with the Yoast SEO plugin v27.5 - https:\/\/yoast.com\/product\/yoast-seo-wordpress\/ -->\n<title>Pol\u00edtica de devoluciones - Santa Carne<\/title>\n<meta name=\"robots\" content=\"index, follow, max-snippet:-1, max-image-preview:large, max-video-preview:-1\" \/>\n<link rel=\"canonical\" href=\"https:\/\/santacarne.es\/pt\/politica-de-devoluciones\/\" \/>\n<meta property=\"og:locale\" content=\"pt_PT\" \/>\n<meta property=\"og:type\" content=\"article\" \/>\n<meta property=\"og:title\" content=\"Pol\u00edtica de devoluciones - Santa Carne\" \/>\n<meta property=\"og:description\" content=\"SANTA CARNE TIENDA\u00a0comercializa y distribuye productos perecederos, por lo que no podemos aceptar mercanc\u00eda devuelta una vez recibido de conformidad. Verifique la direcci\u00f3n de env\u00edo: no nos hacemos responsables si la direcci\u00f3n de env\u00edo es incorrecta o est\u00e1 incompleta. Aseg\u00farese de verificar las direcciones. Revise cuidadosamente la fecha de entrega. Cancelaciones de pedidos Una vez ...\" \/>\n<meta property=\"og:url\" content=\"https:\/\/santacarne.es\/pt\/politica-de-devoluciones\/\" \/>\n<meta property=\"og:site_name\" content=\"Santa Carne\" \/>\n<meta property=\"article:publisher\" content=\"https:\/\/www.facebook.com\/profile.php?id=61554848311133\" \/>\n<meta property=\"article:modified_time\" content=\"2025-11-21T15:49:41+00:00\" \/>\n<meta name=\"twitter:card\" content=\"summary_large_image\" \/>\n<meta name=\"twitter:label1\" content=\"Tempo estimado de leitura\" \/>\n\t<meta name=\"twitter:data1\" content=\"2 minutos\" \/>\n<script type=\"application\/ld+json\" class=\"yoast-schema-graph\">{\"@context\":\"https:\\\/\\\/schema.org\",\"@graph\":[{\"@type\":\"WebPage\",\"@id\":\"https:\\\/\\\/santacarne.es\\\/politica-de-devoluciones\",\"url\":\"https:\\\/\\\/santacarne.es\\\/politica-de-devoluciones\",\"name\":\"Pol\u00edtica de devoluciones - Santa Carne\",\"isPartOf\":{\"@id\":\"https:\\\/\\\/santacarne.es\\\/#website\"},\"datePublished\":\"2024-03-24T20:03:54+00:00\",\"dateModified\":\"2025-11-21T15:49:41+00:00\",\"breadcrumb\":{\"@id\":\"https:\\\/\\\/santacarne.es\\\/politica-de-devoluciones#breadcrumb\"},\"inLanguage\":\"pt-PT\",\"potentialAction\":[{\"@type\":\"ReadAction\",\"target\":[\"https:\\\/\\\/santacarne.es\\\/politica-de-devoluciones\"]}]},{\"@type\":\"BreadcrumbList\",\"@id\":\"https:\\\/\\\/santacarne.es\\\/politica-de-devoluciones#breadcrumb\",\"itemListElement\":[{\"@type\":\"ListItem\",\"position\":1,\"name\":\"Portada\",\"item\":\"https:\\\/\\\/santacarne.es\\\/\"},{\"@type\":\"ListItem\",\"position\":2,\"name\":\"Pol\u00edtica de devoluciones\"}]},{\"@type\":\"WebSite\",\"@id\":\"https:\\\/\\\/santacarne.es\\\/#website\",\"url\":\"https:\\\/\\\/santacarne.es\\\/\",\"name\":\"Santa Carne\",\"description\":\"Alimentamos lo Sagrado de Compartir.\",\"publisher\":{\"@id\":\"https:\\\/\\\/santacarne.es\\\/#organization\"},\"potentialAction\":[{\"@type\":\"SearchAction\",\"target\":{\"@type\":\"EntryPoint\",\"urlTemplate\":\"https:\\\/\\\/santacarne.es\\\/?s={search_term_string}\"},\"query-input\":{\"@type\":\"PropertyValueSpecification\",\"valueRequired\":true,\"valueName\":\"search_term_string\"}}],\"inLanguage\":\"pt-PT\"},{\"@type\":\"Organization\",\"@id\":\"https:\\\/\\\/santacarne.es\\\/#organization\",\"name\":\"Santa Carne\",\"url\":\"https:\\\/\\\/santacarne.es\\\/\",\"logo\":{\"@type\":\"ImageObject\",\"inLanguage\":\"pt-PT\",\"@id\":\"https:\\\/\\\/santacarne.es\\\/#\\\/schema\\\/logo\\\/image\\\/\",\"url\":\"https:\\\/\\\/santacarne.es\\\/wp-content\\\/uploads\\\/2024\\\/04\\\/santa-carne.png\",\"contentUrl\":\"https:\\\/\\\/santacarne.es\\\/wp-content\\\/uploads\\\/2024\\\/04\\\/santa-carne.png\",\"width\":900,\"height\":286,\"caption\":\"Santa Carne\"},\"image\":{\"@id\":\"https:\\\/\\\/santacarne.es\\\/#\\\/schema\\\/logo\\\/image\\\/\"},\"sameAs\":[\"https:\\\/\\\/www.facebook.com\\\/profile.php?id=61554848311133\",\"https:\\\/\\\/www.instagram.com\\\/sant_carne\\\/\"]}]}<\/script>\n<!-- \/ Yoast SEO plugin. -->","yoast_head_json":{"title":"Pol\u00edtica de devoluciones - Santa Carne","robots":{"index":"index","follow":"follow","max-snippet":"max-snippet:-1","max-image-preview":"max-image-preview:large","max-video-preview":"max-video-preview:-1"},"canonical":"https:\/\/santacarne.es\/pt\/politica-de-devoluciones\/","og_locale":"pt_PT","og_type":"article","og_title":"Pol\u00edtica de devoluciones - Santa Carne","og_description":"SANTA CARNE TIENDA\u00a0comercializa y distribuye productos perecederos, por lo que no podemos aceptar mercanc\u00eda devuelta una vez recibido de conformidad. Verifique la direcci\u00f3n de env\u00edo: no nos hacemos responsables si la direcci\u00f3n de env\u00edo es incorrecta o est\u00e1 incompleta. Aseg\u00farese de verificar las direcciones. Revise cuidadosamente la fecha de entrega. Cancelaciones de pedidos Una vez ...","og_url":"https:\/\/santacarne.es\/pt\/politica-de-devoluciones\/","og_site_name":"Santa Carne","article_publisher":"https:\/\/www.facebook.com\/profile.php?id=61554848311133","article_modified_time":"2025-11-21T15:49:41+00:00","twitter_card":"summary_large_image","twitter_misc":{"Tempo estimado de leitura":"2 minutos"},"schema":{"@context":"https:\/\/schema.org","@graph":[{"@type":"WebPage","@id":"https:\/\/santacarne.es\/politica-de-devoluciones","url":"https:\/\/santacarne.es\/politica-de-devoluciones","name":"Pol\u00edtica de devoluciones - Santa Carne","isPartOf":{"@id":"https:\/\/santacarne.es\/#website"},"datePublished":"2024-03-24T20:03:54+00:00","dateModified":"2025-11-21T15:49:41+00:00","breadcrumb":{"@id":"https:\/\/santacarne.es\/politica-de-devoluciones#breadcrumb"},"inLanguage":"pt-PT","potentialAction":[{"@type":"ReadAction","target":["https:\/\/santacarne.es\/politica-de-devoluciones"]}]},{"@type":"BreadcrumbList","@id":"https:\/\/santacarne.es\/politica-de-devoluciones#breadcrumb","itemListElement":[{"@type":"ListItem","position":1,"name":"Portada","item":"https:\/\/santacarne.es\/"},{"@type":"ListItem","position":2,"name":"Pol\u00edtica de devoluciones"}]},{"@type":"WebSite","@id":"https:\/\/santacarne.es\/#website","url":"https:\/\/santacarne.es\/","name":"Santa Carne","description":"Alimentamos o Sagrado de Compartilhar.","publisher":{"@id":"https:\/\/santacarne.es\/#organization"},"potentialAction":[{"@type":"SearchAction","target":{"@type":"EntryPoint","urlTemplate":"https:\/\/santacarne.es\/?s={search_term_string}"},"query-input":{"@type":"PropertyValueSpecification","valueRequired":true,"valueName":"search_term_string"}}],"inLanguage":"pt-PT"},{"@type":"Organization","@id":"https:\/\/santacarne.es\/#organization","name":"Santa Carne","url":"https:\/\/santacarne.es\/","logo":{"@type":"ImageObject","inLanguage":"pt-PT","@id":"https:\/\/santacarne.es\/#\/schema\/logo\/image\/","url":"https:\/\/santacarne.es\/wp-content\/uploads\/2024\/04\/santa-carne.png","contentUrl":"https:\/\/santacarne.es\/wp-content\/uploads\/2024\/04\/santa-carne.png","width":900,"height":286,"caption":"Santa Carne"},"image":{"@id":"https:\/\/santacarne.es\/#\/schema\/logo\/image\/"},"sameAs":["https:\/\/www.facebook.com\/profile.php?id=61554848311133","https:\/\/www.instagram.com\/sant_carne\/"]}]}},"jetpack_sharing_enabled":true,"_links":{"self":[{"href":"https:\/\/santacarne.es\/pt\/wp-json\/wp\/v2\/pages\/1722","targetHints":{"allow":["GET"]}}],"collection":[{"href":"https:\/\/santacarne.es\/pt\/wp-json\/wp\/v2\/pages"}],"about":[{"href":"https:\/\/santacarne.es\/pt\/wp-json\/wp\/v2\/types\/page"}],"author":[{"embeddable":true,"href":"https:\/\/santacarne.es\/pt\/wp-json\/wp\/v2\/users\/4"}],"replies":[{"embeddable":true,"href":"https:\/\/santacarne.es\/pt\/wp-json\/wp\/v2\/comments?post=1722"}],"version-history":[{"count":5,"href":"https:\/\/santacarne.es\/pt\/wp-json\/wp\/v2\/pages\/1722\/revisions"}],"predecessor-version":[{"id":3938,"href":"https:\/\/santacarne.es\/pt\/wp-json\/wp\/v2\/pages\/1722\/revisions\/3938"}],"wp:attachment":[{"href":"https:\/\/santacarne.es\/pt\/wp-json\/wp\/v2\/media?parent=1722"}],"curies":[{"name":"wp","href":"https:\/\/api.w.org\/{rel}","templated":true}]}}