{"id":1439,"date":"2024-02-18T17:49:04","date_gmt":"2024-02-18T16:49:04","guid":{"rendered":"https:\/\/santacarne.es\/?page_id=1439"},"modified":"2025-11-21T16:59:24","modified_gmt":"2025-11-21T15:59:24","slug":"aviso-legal","status":"publish","type":"page","link":"https:\/\/santacarne.es\/pt\/aviso-legal","title":{"rendered":"Aviso legal"},"content":{"rendered":"<p>En cumplimiento del art\u00edculo 10 de la Ley 34\/2002, de 11 de julio, de Servicios de la Sociedad de la Informaci\u00f3n y Comercio Electr\u00f3nico (LSSICE) a continuaci\u00f3n se detallan los datos identificativos de la empresa:<\/p>\n<p>Datos de empresa:<\/p>\n<p>Raz\u00f3n social: <strong>TOMAS AGUSTIN PASCHETTA PARDINI<\/strong><\/p>\n<p>CIF: ESZ3146051R<\/p>\n<p>Direcci\u00f3n: Aranzazu Kalea 5, 20200 Beasain, Guip\u00fazcoa. Espa\u00f1a<\/p>\n<p>Tel\u00e9fono: (+34) 688 71 61 31<\/p>\n<p>Email:\u00a0info@santa-carne.com<\/p>\n<p>Nombre del dominio:\u00a0<a href=\"https:\/\/santacarne.es\/pt\/\">https:\/\/santacarne.es<\/a><\/p>\n<p>Autorizaci\u00f3n administrativa: Autorizaci\u00f3n de la Comisi\u00f3n Nacional del Mercado y de la Competencia para la prestaci\u00f3n de servicios de comunicaciones electr\u00f3nicas.<\/p>\n<p>FINALIDAD DE LA P\u00c1GINA WEB.<\/p>\n<p>Venta de servicios y\/o productos relacionados con <strong>TOMAS AGUSTIN PASCHETTA PARDINI<\/strong>. El presente aviso legal (en adelante, el \u00abAviso Legal\u00bb) regula el uso del sitio web:\u00a0<a href=\"https:\/\/santacarne.es\/pt\/\">https:\/\/santacarne.es<\/a><\/p>\n<p>LEGISLACI\u00d3N.<\/p>\n<p>Con car\u00e1cter general las relaciones entre <strong>TOMAS AGUSTIN PASCHETTA PARDINI<\/strong>\u00a0con los Usuarios de sus servicios telem\u00e1ticos, presentes en este sitio web, se encuentran sometidas a la legislaci\u00f3n y jurisdicci\u00f3n espa\u00f1olas.<\/p>\n<p>USO Y ACCESO DE USUARIOS.<\/p>\n<p>El Usuario queda informado, y acepta, que el acceso a la presente web no supone, en modo alguno, el inicio de una relaci\u00f3n comercial con <strong>TOMAS AGUSTIN PASCHETTA PARDINI<\/strong>\u00a0o cualquiera de sus delegaciones.<\/p>\n<p>PROPIEDAD INTELECTUAL E INDUSTRIAL.<\/p>\n<p>Los derechos de propiedad intelectual del contenido de las p\u00e1ginas web, su dise\u00f1o gr\u00e1fico y c\u00f3digos son titularidad de <strong>TOMAS AGUSTIN PASCHETTA PARDINI<\/strong> y, por tanto, queda prohibida su reproducci\u00f3n, distribuci\u00f3n, comunicaci\u00f3n p\u00fablica, transformaci\u00f3n o cualquier otra actividad que se pueda realizar con los contenidos de sus p\u00e1ginas web ni aun citando las fuentes, salvo consentimiento por escrito de <strong>TOMAS AGUSTIN PASCHETTA PARDINI<\/strong>.<\/p>\n<p>CONTENIDO DE LA WEB Y ENLACES (LINKS).<\/p>\n<p><strong>TOMAS AGUSTIN PASCHETTA PARDINI<\/strong> se reserva el derecho a actualizar, modificar o eliminar la informaci\u00f3n contenida en sus p\u00e1ginas web pudiendo incluso limitar o no permitir el acceso a dicha informaci\u00f3n a ciertos usuarios.<\/p>\n<p><strong>TOMAS AGUSTIN PASCHETTA PARDINI<\/strong> no asume responsabilidad alguna por la informaci\u00f3n contenida en p\u00e1ginas web de terceros a las que se pueda acceder por \u00ablinks\u00bb o enlaces desde cualquier p\u00e1gina web propiedad de <strong>TOMAS AGUSTIN PASCHETTA PARDINI<\/strong>.<\/p>\n<p>La presencia de \u00ablinks\u00bb o enlaces en las p\u00e1ginas web de <strong>TOMAS AGUSTIN PASCHETTA PARDINI<\/strong>\u00a0tiene finalidad meramente informativa y en ning\u00fan caso supone sugerencia, invitaci\u00f3n o recomendaci\u00f3n sobre los mismos.<\/p>","protected":false},"excerpt":{"rendered":"<p>En cumplimiento del art\u00edculo 10 de la Ley 34\/2002, de 11 de julio, de Servicios de la Sociedad de la Informaci\u00f3n y Comercio Electr\u00f3nico (LSSICE) a continuaci\u00f3n se detallan los datos identificativos de la empresa: Datos de empresa: Raz\u00f3n social: TOMAS AGUSTIN PASCHETTA PARDINI CIF: ESZ3146051R Direcci\u00f3n: Aranzazu Kalea 5, 20200 Beasain, Guip\u00fazcoa. Espa\u00f1a Tel\u00e9fono: <span>&#8230;<\/span><\/p>","protected":false},"author":4,"featured_media":0,"parent":0,"menu_order":0,"comment_status":"closed","ping_status":"closed","template":"","meta":{"_joinchat":[],"footnotes":""},"class_list":["post-1439","page","type-page","status-publish","hentry"],"yoast_head":"<!-- This site is optimized with the Yoast SEO plugin v27.5 - https:\/\/yoast.com\/product\/yoast-seo-wordpress\/ -->\n<title>Aviso legal - Santa Carne<\/title>\n<meta name=\"robots\" content=\"index, follow, max-snippet:-1, max-image-preview:large, max-video-preview:-1\" \/>\n<link rel=\"canonical\" href=\"https:\/\/santacarne.es\/pt\/aviso-legal\/\" \/>\n<meta property=\"og:locale\" content=\"pt_PT\" \/>\n<meta property=\"og:type\" content=\"article\" \/>\n<meta property=\"og:title\" content=\"Aviso legal - Santa Carne\" \/>\n<meta property=\"og:description\" content=\"En cumplimiento del art\u00edculo 10 de la Ley 34\/2002, de 11 de julio, de Servicios de la Sociedad de la Informaci\u00f3n y Comercio Electr\u00f3nico (LSSICE) a continuaci\u00f3n se detallan los datos identificativos de la empresa: Datos de empresa: Raz\u00f3n social: TOMAS AGUSTIN PASCHETTA PARDINI CIF: ESZ3146051R Direcci\u00f3n: Aranzazu Kalea 5, 20200 Beasain, Guip\u00fazcoa. Espa\u00f1a Tel\u00e9fono: ...\" \/>\n<meta property=\"og:url\" content=\"https:\/\/santacarne.es\/pt\/aviso-legal\/\" \/>\n<meta property=\"og:site_name\" content=\"Santa Carne\" \/>\n<meta property=\"article:publisher\" content=\"https:\/\/www.facebook.com\/profile.php?id=61554848311133\" \/>\n<meta property=\"article:modified_time\" content=\"2025-11-21T15:59:24+00:00\" \/>\n<meta name=\"twitter:card\" content=\"summary_large_image\" \/>\n<meta name=\"twitter:label1\" content=\"Tempo estimado de leitura\" \/>\n\t<meta name=\"twitter:data1\" content=\"2 minutos\" \/>\n<script type=\"application\/ld+json\" class=\"yoast-schema-graph\">{\"@context\":\"https:\\\/\\\/schema.org\",\"@graph\":[{\"@type\":\"WebPage\",\"@id\":\"https:\\\/\\\/santacarne.es\\\/aviso-legal\",\"url\":\"https:\\\/\\\/santacarne.es\\\/aviso-legal\",\"name\":\"Aviso legal - Santa Carne\",\"isPartOf\":{\"@id\":\"https:\\\/\\\/santacarne.es\\\/#website\"},\"datePublished\":\"2024-02-18T16:49:04+00:00\",\"dateModified\":\"2025-11-21T15:59:24+00:00\",\"breadcrumb\":{\"@id\":\"https:\\\/\\\/santacarne.es\\\/aviso-legal#breadcrumb\"},\"inLanguage\":\"pt-PT\",\"potentialAction\":[{\"@type\":\"ReadAction\",\"target\":[\"https:\\\/\\\/santacarne.es\\\/aviso-legal\"]}]},{\"@type\":\"BreadcrumbList\",\"@id\":\"https:\\\/\\\/santacarne.es\\\/aviso-legal#breadcrumb\",\"itemListElement\":[{\"@type\":\"ListItem\",\"position\":1,\"name\":\"Portada\",\"item\":\"https:\\\/\\\/santacarne.es\\\/\"},{\"@type\":\"ListItem\",\"position\":2,\"name\":\"Aviso legal\"}]},{\"@type\":\"WebSite\",\"@id\":\"https:\\\/\\\/santacarne.es\\\/#website\",\"url\":\"https:\\\/\\\/santacarne.es\\\/\",\"name\":\"Santa Carne\",\"description\":\"Alimentamos lo Sagrado de Compartir.\",\"publisher\":{\"@id\":\"https:\\\/\\\/santacarne.es\\\/#organization\"},\"potentialAction\":[{\"@type\":\"SearchAction\",\"target\":{\"@type\":\"EntryPoint\",\"urlTemplate\":\"https:\\\/\\\/santacarne.es\\\/?s={search_term_string}\"},\"query-input\":{\"@type\":\"PropertyValueSpecification\",\"valueRequired\":true,\"valueName\":\"search_term_string\"}}],\"inLanguage\":\"pt-PT\"},{\"@type\":\"Organization\",\"@id\":\"https:\\\/\\\/santacarne.es\\\/#organization\",\"name\":\"Santa Carne\",\"url\":\"https:\\\/\\\/santacarne.es\\\/\",\"logo\":{\"@type\":\"ImageObject\",\"inLanguage\":\"pt-PT\",\"@id\":\"https:\\\/\\\/santacarne.es\\\/#\\\/schema\\\/logo\\\/image\\\/\",\"url\":\"https:\\\/\\\/santacarne.es\\\/wp-content\\\/uploads\\\/2024\\\/04\\\/santa-carne.png\",\"contentUrl\":\"https:\\\/\\\/santacarne.es\\\/wp-content\\\/uploads\\\/2024\\\/04\\\/santa-carne.png\",\"width\":900,\"height\":286,\"caption\":\"Santa Carne\"},\"image\":{\"@id\":\"https:\\\/\\\/santacarne.es\\\/#\\\/schema\\\/logo\\\/image\\\/\"},\"sameAs\":[\"https:\\\/\\\/www.facebook.com\\\/profile.php?id=61554848311133\",\"https:\\\/\\\/www.instagram.com\\\/sant_carne\\\/\"]}]}<\/script>\n<!-- \/ Yoast SEO plugin. -->","yoast_head_json":{"title":"Aviso legal - Santa Carne","robots":{"index":"index","follow":"follow","max-snippet":"max-snippet:-1","max-image-preview":"max-image-preview:large","max-video-preview":"max-video-preview:-1"},"canonical":"https:\/\/santacarne.es\/pt\/aviso-legal\/","og_locale":"pt_PT","og_type":"article","og_title":"Aviso legal - Santa Carne","og_description":"En cumplimiento del art\u00edculo 10 de la Ley 34\/2002, de 11 de julio, de Servicios de la Sociedad de la Informaci\u00f3n y Comercio Electr\u00f3nico (LSSICE) a continuaci\u00f3n se detallan los datos identificativos de la empresa: Datos de empresa: Raz\u00f3n social: TOMAS AGUSTIN PASCHETTA PARDINI CIF: ESZ3146051R Direcci\u00f3n: Aranzazu Kalea 5, 20200 Beasain, Guip\u00fazcoa. Espa\u00f1a Tel\u00e9fono: ...","og_url":"https:\/\/santacarne.es\/pt\/aviso-legal\/","og_site_name":"Santa Carne","article_publisher":"https:\/\/www.facebook.com\/profile.php?id=61554848311133","article_modified_time":"2025-11-21T15:59:24+00:00","twitter_card":"summary_large_image","twitter_misc":{"Tempo estimado de leitura":"2 minutos"},"schema":{"@context":"https:\/\/schema.org","@graph":[{"@type":"WebPage","@id":"https:\/\/santacarne.es\/aviso-legal","url":"https:\/\/santacarne.es\/aviso-legal","name":"Aviso legal - Santa Carne","isPartOf":{"@id":"https:\/\/santacarne.es\/#website"},"datePublished":"2024-02-18T16:49:04+00:00","dateModified":"2025-11-21T15:59:24+00:00","breadcrumb":{"@id":"https:\/\/santacarne.es\/aviso-legal#breadcrumb"},"inLanguage":"pt-PT","potentialAction":[{"@type":"ReadAction","target":["https:\/\/santacarne.es\/aviso-legal"]}]},{"@type":"BreadcrumbList","@id":"https:\/\/santacarne.es\/aviso-legal#breadcrumb","itemListElement":[{"@type":"ListItem","position":1,"name":"Portada","item":"https:\/\/santacarne.es\/"},{"@type":"ListItem","position":2,"name":"Aviso legal"}]},{"@type":"WebSite","@id":"https:\/\/santacarne.es\/#website","url":"https:\/\/santacarne.es\/","name":"Santa Carne","description":"Alimentamos o Sagrado de Compartilhar.","publisher":{"@id":"https:\/\/santacarne.es\/#organization"},"potentialAction":[{"@type":"SearchAction","target":{"@type":"EntryPoint","urlTemplate":"https:\/\/santacarne.es\/?s={search_term_string}"},"query-input":{"@type":"PropertyValueSpecification","valueRequired":true,"valueName":"search_term_string"}}],"inLanguage":"pt-PT"},{"@type":"Organization","@id":"https:\/\/santacarne.es\/#organization","name":"Santa Carne","url":"https:\/\/santacarne.es\/","logo":{"@type":"ImageObject","inLanguage":"pt-PT","@id":"https:\/\/santacarne.es\/#\/schema\/logo\/image\/","url":"https:\/\/santacarne.es\/wp-content\/uploads\/2024\/04\/santa-carne.png","contentUrl":"https:\/\/santacarne.es\/wp-content\/uploads\/2024\/04\/santa-carne.png","width":900,"height":286,"caption":"Santa Carne"},"image":{"@id":"https:\/\/santacarne.es\/#\/schema\/logo\/image\/"},"sameAs":["https:\/\/www.facebook.com\/profile.php?id=61554848311133","https:\/\/www.instagram.com\/sant_carne\/"]}]}},"jetpack_sharing_enabled":true,"_links":{"self":[{"href":"https:\/\/santacarne.es\/pt\/wp-json\/wp\/v2\/pages\/1439","targetHints":{"allow":["GET"]}}],"collection":[{"href":"https:\/\/santacarne.es\/pt\/wp-json\/wp\/v2\/pages"}],"about":[{"href":"https:\/\/santacarne.es\/pt\/wp-json\/wp\/v2\/types\/page"}],"author":[{"embeddable":true,"href":"https:\/\/santacarne.es\/pt\/wp-json\/wp\/v2\/users\/4"}],"replies":[{"embeddable":true,"href":"https:\/\/santacarne.es\/pt\/wp-json\/wp\/v2\/comments?post=1439"}],"version-history":[{"count":3,"href":"https:\/\/santacarne.es\/pt\/wp-json\/wp\/v2\/pages\/1439\/revisions"}],"predecessor-version":[{"id":3941,"href":"https:\/\/santacarne.es\/pt\/wp-json\/wp\/v2\/pages\/1439\/revisions\/3941"}],"wp:attachment":[{"href":"https:\/\/santacarne.es\/pt\/wp-json\/wp\/v2\/media?parent=1439"}],"curies":[{"name":"wp","href":"https:\/\/api.w.org\/{rel}","templated":true}]}}