{"id":4006,"date":"2026-02-11T13:54:52","date_gmt":"2026-02-11T12:54:52","guid":{"rendered":"https:\/\/santacarne.es\/?post_type=product&#038;p=4006"},"modified":"2026-02-15T11:11:25","modified_gmt":"2026-02-15T10:11:25","slug":"hamburguesa-5-u","status":"publish","type":"product","link":"https:\/\/santacarne.es\/fr\/produit\/hamburguesa-5-u","title":{"rendered":"Hamburguesa Reserva (5 U)"},"content":{"rendered":"<div class=\"product-discription\">\n<div class=\"tabs-box\">\n<div class=\"woocommerce-tabs wc-tabs-wrapper product-tab\">\n<div class=\"tabs-content\">\n<div id=\"tab-1\" class=\"woocommerce-Tabs-panel woocommerce-Tabs-panel--description panel entry-content tab clearfix active-tab\">\n<div class=\"text\">\n<p><strong>LA DUR\u00c9E DE VIE<\/strong>: Frescos:\u00a015 d\u00edas desde la fecha del envasado descripta en la etiqueta del producto.<br \/>\nSurgel\u00e9s:<br \/>\nL&#039;emballage sous vide n&#039;est pas dans la source: de 6 mois.<\/p>\n<p><strong>BOEUF ARGENTIN DURABLE<\/strong>: Cette viande est durable et respectueuse de l&#039;environnement.<br \/>\nArgentin de la viande se distingue par sa qualit\u00e9 et est de plus en plus populaire en Europe, o\u00f9 la soci\u00e9t\u00e9 est le pari de plus de et plus de produits de viande import\u00e9s, durables et de qualit\u00e9. Dans un march\u00e9 europ\u00e9en exigeant, est attendu \u00e0 la fois la continuit\u00e9 dans l&#039;offre de l&#039;innovation dans la production \u00e9cologique, selon les bonnes pratiques agricoles et d&#039;\u00e9levage.<br \/>\nL&#039;\u00e9levage extensif de bovins utilis\u00e9s en Argentine pour aider \u00e0 maintenir les \u00e9cosyst\u00e8mes qui agissent comme des puits de dioxyde de carbone pour \u00e9viter la d\u00e9forestation de savanes et de prairies. La majorit\u00e9 de l&#039;argentine la production vient de ces syst\u00e8mes pastoraux, qui ont une grande capacit\u00e9 \u00e0 fixer le carbone.<br \/>\nEn outre, la production de b\u00e9tail en Argentine poss\u00e8de une faible empreinte sur l&#039;eau et est compatible avec la flore et la faune indig\u00e8nes, en contribuant \u00e0 la conservation de la biodiversit\u00e9 et de la terre.<br \/>\nLa plus grande partie des syst\u00e8mes de production de viande bovine en Argentine ont peu de d\u00e9pendance aux intrants externes, car ils sont bas\u00e9s sur les p\u00e2turages naturels par l&#039;agriculture extensive, ce qui r\u00e9duit la n\u00e9cessit\u00e9 pour les produits agrochimiques, les engrais et autres intrants externes.<\/p>\n<\/div>\n<\/div>\n<\/div>\n<\/div>\n<\/div>\n<\/div>","protected":false},"excerpt":{"rendered":"<p>PESO: 900 GRAMOS<\/p>\n<p>PRECIO: 15,50<\/p>\n<p>La\u00a0<strong>Hamburguesa &#8220;Reserva<\/strong> &#8221; de Santa Carne ofrece el aut\u00e9ntico sabor de una excelente hamburguesa. Se destaca por su textura jugosa y sabor a carne inigualable que la convierten en una Hamburguesa \u00daNICA!!!<\/p>","protected":false},"featured_media":4003,"template":"","meta":{"_joinchat":[]},"product_brand":[],"product_cat":[109,15],"product_tag":[37,49],"class_list":{"0":"post-4006","1":"product","2":"type-product","3":"status-publish","4":"has-post-thumbnail","6":"product_cat-elaborados","7":"product_cat-todos-los-productos","8":"product_tag-espana","9":"product_tag-portugal","10":"tm-no-options","12":"first","13":"instock","14":"purchasable","15":"product-type-simple"},"yoast_head":"<!-- This site is optimized with the Yoast SEO plugin v27.6 - https:\/\/yoast.com\/product\/yoast-seo-wordpress\/ -->\n<title>Hamburguesa Reserva (5 U) - Santa Carne<\/title>\n<meta name=\"description\" content=\"PESO: 900 GRAMOS PRECIO: 15,50. Preparamos nuestras Hamburguesas utilizando solo el cuarto trasero de la vaca, ya que ah\u00ed est\u00e1n los cortes que m\u00e1s se destacan en cuanto a la jugosidad y sabor!!!\" \/>\n<meta name=\"robots\" content=\"index, follow, max-snippet:-1, max-image-preview:large, max-video-preview:-1\" \/>\n<link rel=\"canonical\" href=\"https:\/\/santacarne.es\/fr\/produit\/hamburguesa-5-u\/\" \/>\n<meta property=\"og:locale\" content=\"fr_FR\" \/>\n<meta property=\"og:type\" content=\"article\" \/>\n<meta property=\"og:title\" content=\"Hamburguesa Reserva (5 U) - Santa Carne\" \/>\n<meta property=\"og:description\" content=\"PESO: 900 GRAMOS PRECIO: 15,50. Preparamos nuestras Hamburguesas utilizando solo el cuarto trasero de la vaca, ya que ah\u00ed est\u00e1n los cortes que m\u00e1s se destacan en cuanto a la jugosidad y sabor!!!\" \/>\n<meta property=\"og:url\" content=\"https:\/\/santacarne.es\/fr\/produit\/hamburguesa-5-u\/\" \/>\n<meta property=\"og:site_name\" content=\"Santa Carne\" \/>\n<meta property=\"article:publisher\" content=\"https:\/\/www.facebook.com\/profile.php?id=61554848311133\" \/>\n<meta property=\"article:modified_time\" content=\"2026-02-15T10:11:25+00:00\" \/>\n<meta property=\"og:image\" content=\"https:\/\/santacarne.es\/wp-content\/uploads\/2026\/02\/ChatGPT-Image-9-feb-2026-19_37_51-683x1024.png\" \/>\n\t<meta property=\"og:image:width\" content=\"683\" \/>\n\t<meta property=\"og:image:height\" content=\"1024\" \/>\n\t<meta property=\"og:image:type\" content=\"image\/png\" \/>\n<meta name=\"twitter:card\" content=\"summary_large_image\" \/>\n<meta name=\"twitter:label1\" content=\"Dur\u00e9e de lecture estim\u00e9e\" \/>\n\t<meta name=\"twitter:data1\" content=\"2 minutes\" \/>\n<script type=\"application\/ld+json\" class=\"yoast-schema-graph\">{\"@context\":\"https:\\\/\\\/schema.org\",\"@graph\":[{\"@type\":\"WebPage\",\"@id\":\"https:\\\/\\\/santacarne.es\\\/producto\\\/hamburguesa-5-u\",\"url\":\"https:\\\/\\\/santacarne.es\\\/producto\\\/hamburguesa-5-u\",\"name\":\"Hamburguesa Reserva (5 U) - Santa Carne\",\"isPartOf\":{\"@id\":\"https:\\\/\\\/santacarne.es\\\/#website\"},\"primaryImageOfPage\":{\"@id\":\"https:\\\/\\\/santacarne.es\\\/producto\\\/hamburguesa-5-u#primaryimage\"},\"image\":{\"@id\":\"https:\\\/\\\/santacarne.es\\\/producto\\\/hamburguesa-5-u#primaryimage\"},\"thumbnailUrl\":\"https:\\\/\\\/santacarne.es\\\/wp-content\\\/uploads\\\/2026\\\/02\\\/ChatGPT-Image-9-feb-2026-19_37_51.png\",\"datePublished\":\"2026-02-11T12:54:52+00:00\",\"dateModified\":\"2026-02-15T10:11:25+00:00\",\"description\":\"PESO: 900 GRAMOS PRECIO: 15,50. Preparamos nuestras Hamburguesas utilizando solo el cuarto trasero de la vaca, ya que ah\u00ed est\u00e1n los cortes que m\u00e1s se destacan en cuanto a la jugosidad y sabor!!!\",\"breadcrumb\":{\"@id\":\"https:\\\/\\\/santacarne.es\\\/producto\\\/hamburguesa-5-u#breadcrumb\"},\"inLanguage\":\"fr-FR\",\"potentialAction\":[{\"@type\":\"ReadAction\",\"target\":[\"https:\\\/\\\/santacarne.es\\\/producto\\\/hamburguesa-5-u\"]}]},{\"@type\":\"ImageObject\",\"inLanguage\":\"fr-FR\",\"@id\":\"https:\\\/\\\/santacarne.es\\\/producto\\\/hamburguesa-5-u#primaryimage\",\"url\":\"https:\\\/\\\/santacarne.es\\\/wp-content\\\/uploads\\\/2026\\\/02\\\/ChatGPT-Image-9-feb-2026-19_37_51.png\",\"contentUrl\":\"https:\\\/\\\/santacarne.es\\\/wp-content\\\/uploads\\\/2026\\\/02\\\/ChatGPT-Image-9-feb-2026-19_37_51.png\",\"width\":1024,\"height\":1536},{\"@type\":\"BreadcrumbList\",\"@id\":\"https:\\\/\\\/santacarne.es\\\/producto\\\/hamburguesa-5-u#breadcrumb\",\"itemListElement\":[{\"@type\":\"ListItem\",\"position\":1,\"name\":\"Portada\",\"item\":\"https:\\\/\\\/santacarne.es\\\/\"},{\"@type\":\"ListItem\",\"position\":2,\"name\":\"Tienda\",\"item\":\"https:\\\/\\\/santacarne.es\\\/pt\\\/tienda\"},{\"@type\":\"ListItem\",\"position\":3,\"name\":\"Hamburguesa Reserva (5 U)\"}]},{\"@type\":\"WebSite\",\"@id\":\"https:\\\/\\\/santacarne.es\\\/#website\",\"url\":\"https:\\\/\\\/santacarne.es\\\/\",\"name\":\"Santa Carne\",\"description\":\"Alimentamos lo Sagrado de Compartir.\",\"publisher\":{\"@id\":\"https:\\\/\\\/santacarne.es\\\/#organization\"},\"potentialAction\":[{\"@type\":\"SearchAction\",\"target\":{\"@type\":\"EntryPoint\",\"urlTemplate\":\"https:\\\/\\\/santacarne.es\\\/?s={search_term_string}\"},\"query-input\":{\"@type\":\"PropertyValueSpecification\",\"valueRequired\":true,\"valueName\":\"search_term_string\"}}],\"inLanguage\":\"fr-FR\"},{\"@type\":\"Organization\",\"@id\":\"https:\\\/\\\/santacarne.es\\\/#organization\",\"name\":\"Santa Carne\",\"url\":\"https:\\\/\\\/santacarne.es\\\/\",\"logo\":{\"@type\":\"ImageObject\",\"inLanguage\":\"fr-FR\",\"@id\":\"https:\\\/\\\/santacarne.es\\\/#\\\/schema\\\/logo\\\/image\\\/\",\"url\":\"https:\\\/\\\/santacarne.es\\\/wp-content\\\/uploads\\\/2024\\\/04\\\/santa-carne.png\",\"contentUrl\":\"https:\\\/\\\/santacarne.es\\\/wp-content\\\/uploads\\\/2024\\\/04\\\/santa-carne.png\",\"width\":900,\"height\":286,\"caption\":\"Santa Carne\"},\"image\":{\"@id\":\"https:\\\/\\\/santacarne.es\\\/#\\\/schema\\\/logo\\\/image\\\/\"},\"sameAs\":[\"https:\\\/\\\/www.facebook.com\\\/profile.php?id=61554848311133\",\"https:\\\/\\\/www.instagram.com\\\/sant_carne\\\/\"]}]}<\/script>\n<!-- \/ Yoast SEO plugin. -->","yoast_head_json":{"title":"Hamburguesa Reserva (5 U) - Santa Carne","description":"PESO: 900 GRAMOS PRECIO: 15,50. Preparamos nuestras Hamburguesas utilizando solo el cuarto trasero de la vaca, ya que ah\u00ed est\u00e1n los cortes que m\u00e1s se destacan en cuanto a la jugosidad y sabor!!!","robots":{"index":"index","follow":"follow","max-snippet":"max-snippet:-1","max-image-preview":"max-image-preview:large","max-video-preview":"max-video-preview:-1"},"canonical":"https:\/\/santacarne.es\/fr\/produit\/hamburguesa-5-u\/","og_locale":"fr_FR","og_type":"article","og_title":"Hamburguesa Reserva (5 U) - Santa Carne","og_description":"PESO: 900 GRAMOS PRECIO: 15,50. Preparamos nuestras Hamburguesas utilizando solo el cuarto trasero de la vaca, ya que ah\u00ed est\u00e1n los cortes que m\u00e1s se destacan en cuanto a la jugosidad y sabor!!!","og_url":"https:\/\/santacarne.es\/fr\/produit\/hamburguesa-5-u\/","og_site_name":"Santa Carne","article_publisher":"https:\/\/www.facebook.com\/profile.php?id=61554848311133","article_modified_time":"2026-02-15T10:11:25+00:00","og_image":[{"width":683,"height":1024,"url":"https:\/\/santacarne.es\/wp-content\/uploads\/2026\/02\/ChatGPT-Image-9-feb-2026-19_37_51-683x1024.png","type":"image\/png"}],"twitter_card":"summary_large_image","twitter_misc":{"Dur\u00e9e de lecture estim\u00e9e":"2 minutes"},"schema":{"@context":"https:\/\/schema.org","@graph":[{"@type":"WebPage","@id":"https:\/\/santacarne.es\/producto\/hamburguesa-5-u","url":"https:\/\/santacarne.es\/producto\/hamburguesa-5-u","name":"Hamburguesa Reserva (5 U) - Santa Carne","isPartOf":{"@id":"https:\/\/santacarne.es\/#website"},"primaryImageOfPage":{"@id":"https:\/\/santacarne.es\/producto\/hamburguesa-5-u#primaryimage"},"image":{"@id":"https:\/\/santacarne.es\/producto\/hamburguesa-5-u#primaryimage"},"thumbnailUrl":"https:\/\/santacarne.es\/wp-content\/uploads\/2026\/02\/ChatGPT-Image-9-feb-2026-19_37_51.png","datePublished":"2026-02-11T12:54:52+00:00","dateModified":"2026-02-15T10:11:25+00:00","description":"PESO: 900 GRAMOS PRECIO: 15,50. Preparamos nuestras Hamburguesas utilizando solo el cuarto trasero de la vaca, ya que ah\u00ed est\u00e1n los cortes que m\u00e1s se destacan en cuanto a la jugosidad y sabor!!!","breadcrumb":{"@id":"https:\/\/santacarne.es\/producto\/hamburguesa-5-u#breadcrumb"},"inLanguage":"fr-FR","potentialAction":[{"@type":"ReadAction","target":["https:\/\/santacarne.es\/producto\/hamburguesa-5-u"]}]},{"@type":"ImageObject","inLanguage":"fr-FR","@id":"https:\/\/santacarne.es\/producto\/hamburguesa-5-u#primaryimage","url":"https:\/\/santacarne.es\/wp-content\/uploads\/2026\/02\/ChatGPT-Image-9-feb-2026-19_37_51.png","contentUrl":"https:\/\/santacarne.es\/wp-content\/uploads\/2026\/02\/ChatGPT-Image-9-feb-2026-19_37_51.png","width":1024,"height":1536},{"@type":"BreadcrumbList","@id":"https:\/\/santacarne.es\/producto\/hamburguesa-5-u#breadcrumb","itemListElement":[{"@type":"ListItem","position":1,"name":"Portada","item":"https:\/\/santacarne.es\/"},{"@type":"ListItem","position":2,"name":"Tienda","item":"https:\/\/santacarne.es\/pt\/tienda"},{"@type":"ListItem","position":3,"name":"Hamburguesa Reserva (5 U)"}]},{"@type":"WebSite","@id":"https:\/\/santacarne.es\/#website","url":"https:\/\/santacarne.es\/","name":"Santa Carne","description":"Nourrir le Sacr\u00e9 de Partage.","publisher":{"@id":"https:\/\/santacarne.es\/#organization"},"potentialAction":[{"@type":"SearchAction","target":{"@type":"EntryPoint","urlTemplate":"https:\/\/santacarne.es\/?s={search_term_string}"},"query-input":{"@type":"PropertyValueSpecification","valueRequired":true,"valueName":"search_term_string"}}],"inLanguage":"fr-FR"},{"@type":"Organization","@id":"https:\/\/santacarne.es\/#organization","name":"Santa Carne","url":"https:\/\/santacarne.es\/","logo":{"@type":"ImageObject","inLanguage":"fr-FR","@id":"https:\/\/santacarne.es\/#\/schema\/logo\/image\/","url":"https:\/\/santacarne.es\/wp-content\/uploads\/2024\/04\/santa-carne.png","contentUrl":"https:\/\/santacarne.es\/wp-content\/uploads\/2024\/04\/santa-carne.png","width":900,"height":286,"caption":"Santa Carne"},"image":{"@id":"https:\/\/santacarne.es\/#\/schema\/logo\/image\/"},"sameAs":["https:\/\/www.facebook.com\/profile.php?id=61554848311133","https:\/\/www.instagram.com\/sant_carne\/"]}]}},"jetpack_sharing_enabled":true,"_links":{"self":[{"href":"https:\/\/santacarne.es\/fr\/wp-json\/wp\/v2\/product\/4006","targetHints":{"allow":["GET"]}}],"collection":[{"href":"https:\/\/santacarne.es\/fr\/wp-json\/wp\/v2\/product"}],"about":[{"href":"https:\/\/santacarne.es\/fr\/wp-json\/wp\/v2\/types\/product"}],"wp:featuredmedia":[{"embeddable":true,"href":"https:\/\/santacarne.es\/fr\/wp-json\/wp\/v2\/media\/4003"}],"wp:attachment":[{"href":"https:\/\/santacarne.es\/fr\/wp-json\/wp\/v2\/media?parent=4006"}],"wp:term":[{"taxonomy":"product_brand","embeddable":true,"href":"https:\/\/santacarne.es\/fr\/wp-json\/wp\/v2\/product_brand?post=4006"},{"taxonomy":"product_cat","embeddable":true,"href":"https:\/\/santacarne.es\/fr\/wp-json\/wp\/v2\/product_cat?post=4006"},{"taxonomy":"product_tag","embeddable":true,"href":"https:\/\/santacarne.es\/fr\/wp-json\/wp\/v2\/product_tag?post=4006"}],"curies":[{"name":"wp","href":"https:\/\/api.w.org\/{rel}","templated":true}]}}