{"id":220,"date":"2019-01-16T14:01:53","date_gmt":"2019-01-16T13:01:53","guid":{"rendered":"https:\/\/woocommercecore.mystagingwebsite.com\/product\/long-sleeve-tee\/"},"modified":"2026-04-11T14:16:01","modified_gmt":"2026-04-11T12:16:01","slug":"picana-argentina-1","status":"publish","type":"product","link":"https:\/\/santacarne.es\/fr\/produit\/aiguillete-argentin","title":{"rendered":"Tapilla \/ Pica\u00f1a ARGENTINA (Pieza Entera)"},"content":{"rendered":"<p><strong>LA DUR\u00c9E DE VIE<\/strong>: Cool:<br \/>\nCoupes emball\u00e9s dans des source: 120 jours \u00e0 compter de la date du site, d\u00e9crites sur l&#039;\u00e9tiquette du produit.<br \/>\nLes tribunaux emball\u00e9 sous vide PAS dans la source: les 15 jours \u00e0 compter de la date de l&#039;emballage d\u00e9crit sur l&#039;\u00e9tiquette du produit.<br \/>\nSurgel\u00e9s:<br \/>\nL&#039;emballage sous vide \u00e0 la source: jusqu&#039;\u00e0 1 an.<br \/>\nL&#039;emballage sous vide n&#039;est pas dans la source: de 6 mois.<\/p>\n<p><strong>BOEUF ARGENTIN DURABLE<\/strong>: Cette viande est durable et respectueuse de l&#039;environnement.<br \/>\nArgentin de la viande se distingue par sa qualit\u00e9 et est de plus en plus populaire en Europe, o\u00f9 la soci\u00e9t\u00e9 est le pari de plus de et plus de produits de viande import\u00e9s, durables et de qualit\u00e9. Dans un march\u00e9 europ\u00e9en exigeant, est attendu \u00e0 la fois la continuit\u00e9 dans l&#039;offre de l&#039;innovation dans la production \u00e9cologique, selon les bonnes pratiques agricoles et d&#039;\u00e9levage.<br \/>\nL&#039;\u00e9levage extensif de bovins utilis\u00e9s en Argentine pour aider \u00e0 maintenir les \u00e9cosyst\u00e8mes qui agissent comme des puits de dioxyde de carbone pour \u00e9viter la d\u00e9forestation de savanes et de prairies. La majorit\u00e9 de l&#039;argentine la production vient de ces syst\u00e8mes pastoraux, qui ont une grande capacit\u00e9 \u00e0 fixer le carbone.<br \/>\nEn outre, la production de b\u00e9tail en Argentine poss\u00e8de une faible empreinte sur l&#039;eau et est compatible avec la flore et la faune indig\u00e8nes, en contribuant \u00e0 la conservation de la biodiversit\u00e9 et de la terre.<br \/>\nLa plus grande partie des syst\u00e8mes de production de viande bovine en Argentine ont peu de d\u00e9pendance aux intrants externes, car ils sont bas\u00e9s sur les p\u00e2turages naturels par l&#039;agriculture extensive, ce qui r\u00e9duit la n\u00e9cessit\u00e9 pour les produits agrochimiques, les engrais et autres intrants externes.<\/p>","protected":false},"excerpt":{"rendered":"<p><strong>POIDS: <\/strong>1-1.4 KG<\/p>\n<p><strong>PRIX PAR KG<\/strong>: 29,70<\/p>\n<p><strong>SOURCE<\/strong>: L&#039;argentine.<\/p>\n<p><strong>CONDITION<\/strong>: Envasado al vac\u00edo en origen \/ Envasado al vacio No en origen.<\/p>\n<p><strong>La CUISSON<\/strong>: Fer \u00e0 repasser, four, grill.<\/p>\n<p>Comme pica\u00f1a est nomm\u00e9 dans la cuisine<\/p>\n<p>l&#039;am\u00e9rique du sud, \u00e0 l&#039;extr\u00e9mit\u00e9 verticaux \u00e0 l&#039;avant<\/p>\n<p>le cap de la pointe. Bien que son nom est<\/p>\n<p>il est devenu populaire partout dans le monde, en<\/p>\n<p>De l&#039;espagne \u00e0 la viande de pica\u00f1a est toujours<\/p>\n<p>il a connu comme tapilla, un morceau<\/p>\n<p>situ\u00e9 \u00e0 c\u00f4t\u00e9 de la hanche. C&#039;est une pi\u00e8ce<\/p>\n<p>tr\u00e8s juteuse et tendre.<\/p>","protected":false},"featured_media":3006,"template":"","meta":{"_joinchat":[]},"product_brand":[],"product_cat":[108,15],"product_tag":[37,49],"class_list":{"0":"post-220","1":"product","2":"type-product","3":"status-publish","4":"has-post-thumbnail","6":"product_cat-cortes-individuales","7":"product_cat-todos-los-productos","8":"product_tag-espana","9":"product_tag-portugal","10":"tm-no-options","12":"first","13":"instock","14":"purchasable","15":"product-type-variable"},"yoast_head":"<!-- This site is optimized with the Yoast SEO plugin v27.5 - https:\/\/yoast.com\/product\/yoast-seo-wordpress\/ -->\n<title>Tapilla \/ Pica\u00f1a ARGENTINA (Pieza Entera) - Santa Carne<\/title>\n<meta name=\"description\" content=\"PESO:\u00a01-1.4 KG. PRECIO POR KG: 29,70. Tu b\u00fasqueda termin\u00f3, en Santa Carne siempre tendr\u00e1s la Mejor Carne Argentina al Mejor Precio.\" \/>\n<meta name=\"robots\" content=\"index, follow, max-snippet:-1, max-image-preview:large, max-video-preview:-1\" \/>\n<link rel=\"canonical\" href=\"https:\/\/santacarne.es\/fr\/produit\/aiguillete-argentin\/\" \/>\n<meta property=\"og:locale\" content=\"fr_FR\" \/>\n<meta property=\"og:type\" content=\"article\" \/>\n<meta property=\"og:title\" content=\"Tapilla \/ Pica\u00f1a ARGENTINA (Pieza Entera) - Santa Carne\" \/>\n<meta property=\"og:description\" content=\"PESO:\u00a01-1.4 KG. PRECIO POR KG: 29,70. Tu b\u00fasqueda termin\u00f3, en Santa Carne siempre tendr\u00e1s la Mejor Carne Argentina al Mejor Precio.\" \/>\n<meta property=\"og:url\" content=\"https:\/\/santacarne.es\/fr\/produit\/aiguillete-argentin\/\" \/>\n<meta property=\"og:site_name\" content=\"Santa Carne\" \/>\n<meta property=\"article:publisher\" content=\"https:\/\/www.facebook.com\/profile.php?id=61554848311133\" \/>\n<meta property=\"article:modified_time\" content=\"2026-04-11T12:16:01+00:00\" \/>\n<meta property=\"og:image\" content=\"https:\/\/santacarne.es\/wp-content\/uploads\/2024\/04\/31.jpg\" \/>\n\t<meta property=\"og:image:width\" content=\"600\" \/>\n\t<meta property=\"og:image:height\" content=\"600\" \/>\n\t<meta property=\"og:image:type\" content=\"image\/jpeg\" \/>\n<meta name=\"twitter:card\" content=\"summary_large_image\" \/>\n<meta name=\"twitter:label1\" content=\"Dur\u00e9e de lecture estim\u00e9e\" \/>\n\t<meta name=\"twitter:data1\" content=\"2 minutes\" \/>\n<script type=\"application\/ld+json\" class=\"yoast-schema-graph\">{\"@context\":\"https:\\\/\\\/schema.org\",\"@graph\":[{\"@type\":\"WebPage\",\"@id\":\"https:\\\/\\\/santacarne.es\\\/producto\\\/picana-argentina-1\",\"url\":\"https:\\\/\\\/santacarne.es\\\/producto\\\/picana-argentina-1\",\"name\":\"Tapilla \\\/ Pica\u00f1a ARGENTINA (Pieza Entera) - Santa Carne\",\"isPartOf\":{\"@id\":\"https:\\\/\\\/santacarne.es\\\/#website\"},\"primaryImageOfPage\":{\"@id\":\"https:\\\/\\\/santacarne.es\\\/producto\\\/picana-argentina-1#primaryimage\"},\"image\":{\"@id\":\"https:\\\/\\\/santacarne.es\\\/producto\\\/picana-argentina-1#primaryimage\"},\"thumbnailUrl\":\"https:\\\/\\\/santacarne.es\\\/wp-content\\\/uploads\\\/2024\\\/04\\\/31.jpg\",\"datePublished\":\"2019-01-16T13:01:53+00:00\",\"dateModified\":\"2026-04-11T12:16:01+00:00\",\"description\":\"PESO:\u00a01-1.4 KG. PRECIO POR KG: 29,70. Tu b\u00fasqueda termin\u00f3, en Santa Carne siempre tendr\u00e1s la Mejor Carne Argentina al Mejor Precio.\",\"breadcrumb\":{\"@id\":\"https:\\\/\\\/santacarne.es\\\/producto\\\/picana-argentina-1#breadcrumb\"},\"inLanguage\":\"fr-FR\",\"potentialAction\":[{\"@type\":\"ReadAction\",\"target\":[\"https:\\\/\\\/santacarne.es\\\/producto\\\/picana-argentina-1\"]}]},{\"@type\":\"ImageObject\",\"inLanguage\":\"fr-FR\",\"@id\":\"https:\\\/\\\/santacarne.es\\\/producto\\\/picana-argentina-1#primaryimage\",\"url\":\"https:\\\/\\\/santacarne.es\\\/wp-content\\\/uploads\\\/2024\\\/04\\\/31.jpg\",\"contentUrl\":\"https:\\\/\\\/santacarne.es\\\/wp-content\\\/uploads\\\/2024\\\/04\\\/31.jpg\",\"width\":600,\"height\":600},{\"@type\":\"BreadcrumbList\",\"@id\":\"https:\\\/\\\/santacarne.es\\\/producto\\\/picana-argentina-1#breadcrumb\",\"itemListElement\":[{\"@type\":\"ListItem\",\"position\":1,\"name\":\"Portada\",\"item\":\"https:\\\/\\\/santacarne.es\\\/\"},{\"@type\":\"ListItem\",\"position\":2,\"name\":\"Tienda\",\"item\":\"https:\\\/\\\/santacarne.es\\\/pt\\\/tienda\"},{\"@type\":\"ListItem\",\"position\":3,\"name\":\"Tapilla \\\/ Pica\u00f1a ARGENTINA (Pieza Entera)\"}]},{\"@type\":\"WebSite\",\"@id\":\"https:\\\/\\\/santacarne.es\\\/#website\",\"url\":\"https:\\\/\\\/santacarne.es\\\/\",\"name\":\"Santa Carne\",\"description\":\"Alimentamos lo Sagrado de Compartir.\",\"publisher\":{\"@id\":\"https:\\\/\\\/santacarne.es\\\/#organization\"},\"potentialAction\":[{\"@type\":\"SearchAction\",\"target\":{\"@type\":\"EntryPoint\",\"urlTemplate\":\"https:\\\/\\\/santacarne.es\\\/?s={search_term_string}\"},\"query-input\":{\"@type\":\"PropertyValueSpecification\",\"valueRequired\":true,\"valueName\":\"search_term_string\"}}],\"inLanguage\":\"fr-FR\"},{\"@type\":\"Organization\",\"@id\":\"https:\\\/\\\/santacarne.es\\\/#organization\",\"name\":\"Santa Carne\",\"url\":\"https:\\\/\\\/santacarne.es\\\/\",\"logo\":{\"@type\":\"ImageObject\",\"inLanguage\":\"fr-FR\",\"@id\":\"https:\\\/\\\/santacarne.es\\\/#\\\/schema\\\/logo\\\/image\\\/\",\"url\":\"https:\\\/\\\/santacarne.es\\\/wp-content\\\/uploads\\\/2024\\\/04\\\/santa-carne.png\",\"contentUrl\":\"https:\\\/\\\/santacarne.es\\\/wp-content\\\/uploads\\\/2024\\\/04\\\/santa-carne.png\",\"width\":900,\"height\":286,\"caption\":\"Santa Carne\"},\"image\":{\"@id\":\"https:\\\/\\\/santacarne.es\\\/#\\\/schema\\\/logo\\\/image\\\/\"},\"sameAs\":[\"https:\\\/\\\/www.facebook.com\\\/profile.php?id=61554848311133\",\"https:\\\/\\\/www.instagram.com\\\/sant_carne\\\/\"]}]}<\/script>\n<!-- \/ Yoast SEO plugin. -->","yoast_head_json":{"title":"Tapilla \/ Pica\u00f1a ARGENTINA (Pieza Entera) - Santa Carne","description":"PESO:\u00a01-1.4 KG. PRECIO POR KG: 29,70. Tu b\u00fasqueda termin\u00f3, en Santa Carne siempre tendr\u00e1s la Mejor Carne Argentina al Mejor Precio.","robots":{"index":"index","follow":"follow","max-snippet":"max-snippet:-1","max-image-preview":"max-image-preview:large","max-video-preview":"max-video-preview:-1"},"canonical":"https:\/\/santacarne.es\/fr\/produit\/aiguillete-argentin\/","og_locale":"fr_FR","og_type":"article","og_title":"Tapilla \/ Pica\u00f1a ARGENTINA (Pieza Entera) - Santa Carne","og_description":"PESO:\u00a01-1.4 KG. PRECIO POR KG: 29,70. Tu b\u00fasqueda termin\u00f3, en Santa Carne siempre tendr\u00e1s la Mejor Carne Argentina al Mejor Precio.","og_url":"https:\/\/santacarne.es\/fr\/produit\/aiguillete-argentin\/","og_site_name":"Santa Carne","article_publisher":"https:\/\/www.facebook.com\/profile.php?id=61554848311133","article_modified_time":"2026-04-11T12:16:01+00:00","og_image":[{"width":600,"height":600,"url":"https:\/\/santacarne.es\/wp-content\/uploads\/2024\/04\/31.jpg","type":"image\/jpeg"}],"twitter_card":"summary_large_image","twitter_misc":{"Dur\u00e9e de lecture estim\u00e9e":"2 minutes"},"schema":{"@context":"https:\/\/schema.org","@graph":[{"@type":"WebPage","@id":"https:\/\/santacarne.es\/producto\/picana-argentina-1","url":"https:\/\/santacarne.es\/producto\/picana-argentina-1","name":"Tapilla \/ Pica\u00f1a ARGENTINA (Pieza Entera) - Santa Carne","isPartOf":{"@id":"https:\/\/santacarne.es\/#website"},"primaryImageOfPage":{"@id":"https:\/\/santacarne.es\/producto\/picana-argentina-1#primaryimage"},"image":{"@id":"https:\/\/santacarne.es\/producto\/picana-argentina-1#primaryimage"},"thumbnailUrl":"https:\/\/santacarne.es\/wp-content\/uploads\/2024\/04\/31.jpg","datePublished":"2019-01-16T13:01:53+00:00","dateModified":"2026-04-11T12:16:01+00:00","description":"PESO:\u00a01-1.4 KG. PRECIO POR KG: 29,70. Tu b\u00fasqueda termin\u00f3, en Santa Carne siempre tendr\u00e1s la Mejor Carne Argentina al Mejor Precio.","breadcrumb":{"@id":"https:\/\/santacarne.es\/producto\/picana-argentina-1#breadcrumb"},"inLanguage":"fr-FR","potentialAction":[{"@type":"ReadAction","target":["https:\/\/santacarne.es\/producto\/picana-argentina-1"]}]},{"@type":"ImageObject","inLanguage":"fr-FR","@id":"https:\/\/santacarne.es\/producto\/picana-argentina-1#primaryimage","url":"https:\/\/santacarne.es\/wp-content\/uploads\/2024\/04\/31.jpg","contentUrl":"https:\/\/santacarne.es\/wp-content\/uploads\/2024\/04\/31.jpg","width":600,"height":600},{"@type":"BreadcrumbList","@id":"https:\/\/santacarne.es\/producto\/picana-argentina-1#breadcrumb","itemListElement":[{"@type":"ListItem","position":1,"name":"Portada","item":"https:\/\/santacarne.es\/"},{"@type":"ListItem","position":2,"name":"Tienda","item":"https:\/\/santacarne.es\/pt\/tienda"},{"@type":"ListItem","position":3,"name":"Tapilla \/ Pica\u00f1a ARGENTINA (Pieza Entera)"}]},{"@type":"WebSite","@id":"https:\/\/santacarne.es\/#website","url":"https:\/\/santacarne.es\/","name":"Santa Carne","description":"Nourrir le Sacr\u00e9 de Partage.","publisher":{"@id":"https:\/\/santacarne.es\/#organization"},"potentialAction":[{"@type":"SearchAction","target":{"@type":"EntryPoint","urlTemplate":"https:\/\/santacarne.es\/?s={search_term_string}"},"query-input":{"@type":"PropertyValueSpecification","valueRequired":true,"valueName":"search_term_string"}}],"inLanguage":"fr-FR"},{"@type":"Organization","@id":"https:\/\/santacarne.es\/#organization","name":"Santa Carne","url":"https:\/\/santacarne.es\/","logo":{"@type":"ImageObject","inLanguage":"fr-FR","@id":"https:\/\/santacarne.es\/#\/schema\/logo\/image\/","url":"https:\/\/santacarne.es\/wp-content\/uploads\/2024\/04\/santa-carne.png","contentUrl":"https:\/\/santacarne.es\/wp-content\/uploads\/2024\/04\/santa-carne.png","width":900,"height":286,"caption":"Santa Carne"},"image":{"@id":"https:\/\/santacarne.es\/#\/schema\/logo\/image\/"},"sameAs":["https:\/\/www.facebook.com\/profile.php?id=61554848311133","https:\/\/www.instagram.com\/sant_carne\/"]}]}},"jetpack_sharing_enabled":true,"_links":{"self":[{"href":"https:\/\/santacarne.es\/fr\/wp-json\/wp\/v2\/product\/220","targetHints":{"allow":["GET"]}}],"collection":[{"href":"https:\/\/santacarne.es\/fr\/wp-json\/wp\/v2\/product"}],"about":[{"href":"https:\/\/santacarne.es\/fr\/wp-json\/wp\/v2\/types\/product"}],"wp:featuredmedia":[{"embeddable":true,"href":"https:\/\/santacarne.es\/fr\/wp-json\/wp\/v2\/media\/3006"}],"wp:attachment":[{"href":"https:\/\/santacarne.es\/fr\/wp-json\/wp\/v2\/media?parent=220"}],"wp:term":[{"taxonomy":"product_brand","embeddable":true,"href":"https:\/\/santacarne.es\/fr\/wp-json\/wp\/v2\/product_brand?post=220"},{"taxonomy":"product_cat","embeddable":true,"href":"https:\/\/santacarne.es\/fr\/wp-json\/wp\/v2\/product_cat?post=220"},{"taxonomy":"product_tag","embeddable":true,"href":"https:\/\/santacarne.es\/fr\/wp-json\/wp\/v2\/product_tag?post=220"}],"curies":[{"name":"wp","href":"https:\/\/api.w.org\/{rel}","templated":true}]}}