{"id":1434,"date":"2024-02-18T17:36:02","date_gmt":"2024-02-18T16:36:02","guid":{"rendered":"https:\/\/santacarne.es\/?page_id=1434"},"modified":"2025-11-21T17:05:37","modified_gmt":"2025-11-21T16:05:37","slug":"politica-de-cookies","status":"publish","type":"page","link":"https:\/\/santacarne.es\/fr\/politica-de-cookies","title":{"rendered":"Politique en mati\u00e8re de cookies"},"content":{"rendered":"<p><strong>TOMAS AGUSTIN PASCHETTA PARDINI<\/strong> a trav\u00e9s del presente documento, recoge su Pol\u00edtica de recogida y tratamiento de cookies, en cumplimiento de lo dispuesto en el art\u00edculo 22.2 de la Ley 34\/2002, de 11 de julio, de Servicios de la Sociedad de la Informaci\u00f3n y de Comercio Electr\u00f3nico (LSSICE).<\/p>\n<p>Las cookies se almacenan en el equipo terminal del usuario (ordenador o dispositivo m\u00f3vil) y recopilan informaci\u00f3n al visitar la p\u00e1gina web\u00a0<a href=\"https:\/\/santacarne.es\/fr\/\">https:\/\/santacarne.es<\/a> dans le but d&#039;am\u00e9liorer la facilit\u00e9 d&#039;utilisation de la m\u00eame, \u00e0 savoir les habitudes ou les besoins de la navigation des utilisateurs afin d&#039;\u00eatre en mesure de s&#039;adapter \u00e0 eux, ainsi que pour obtenir de l&#039;information \u00e0 des fins statistiques. Dans le cas de ceux qui sont d\u00e9j\u00e0 clients de <strong>TOMAS AGUSTIN PASCHETTA PARDINI<\/strong>, la informaci\u00f3n recabada con las cookies servir\u00e1 tambi\u00e9n para su identificaci\u00f3n al acceder a las distintas herramientas que <strong>TOMAS AGUSTIN PASCHETTA PARDINI<\/strong>\u00a0pone a su disposici\u00f3n para la gesti\u00f3n de los servicios.<\/p>\n<p>La presente Pol\u00edtica de Cookies ser\u00e1 de aplicaci\u00f3n a aquellos usuarios que voluntariamente visitan las p\u00e1ginas web de <strong>TOMAS AGUSTIN PASCHETTA PARDINI<\/strong>, cumplimentan formularios de recogida de datos, acceden a las herramientas que <strong>TOMAS AGUSTIN PASCHETTA PARDINI<\/strong>\u00a0pone a disposici\u00f3n de sus clientes para gestionar sus servicios, o utilizan cualquier otro servicio presente en el sitio web que implique la comunicaci\u00f3n de datos o el acceso a datos para la prestaci\u00f3n de sus servicios.<\/p>\n<p><strong>TOMAS AGUSTIN PASCHETTA PARDINI<\/strong> informa a los usuarios de sus p\u00e1ginas web, de la existencia de cookies y pone a su disposici\u00f3n la presente Pol\u00edtica con la finalidad de informarles acerca del uso y del objeto de las mismas. El hecho de continuar la navegaci\u00f3n a trav\u00e9s de sus p\u00e1ginas, supone el conocimiento y la aceptaci\u00f3n de la presente Pol\u00edtica por parte de dichos usuarios.<\/p>\n<p><strong>TOMAS AGUSTIN PASCHETTA PARDINI utiliza los siguientes tipos de cookies:<\/strong><\/p>\n<p>Clasificadas por su titularidad:<\/p>\n<p>* Cookies propias: enviadas y gestionadas directamente por <strong>TOMAS AGUSTIN PASCHETTA PARDINI<\/strong>.<\/p>\n<p>* Cookies de terceros: enviadas y gestionadas por un tercero ajeno a <strong>TOMAS AGUSTIN PASCHETTA PARDINI<\/strong>\u00a0de forma an\u00f3nima, con la finalidad de realizar estudios estad\u00edsticos de navegaci\u00f3n por las p\u00e1ginas web.<\/p>\n<p><strong>\u00a0<\/strong><\/p>\n<p>Clasificadas por su finalidad:<\/p>\n<p>* Cookies t\u00e9cnicas y\/o de personalizaci\u00f3n: facilitan la navegaci\u00f3n, al identificar la sesi\u00f3n, permitir el acceso a herramientas de acceso restringido, adem\u00e1s de configurar a medida las opciones disponibles. Posibilitan la prestaci\u00f3n del servicio solicitado previamente por el usuario.<\/p>\n<p>* Cookies de an\u00e1lisis y\/o publicidad: permiten conocer el n\u00famero de visitas recibidas en las diferentes secciones de las p\u00e1ginas web, los h\u00e1bitos y tendencias de sus usuarios y en consecuencia, poder mejorar la navegaci\u00f3n y el servicio ofrecido por <strong>TOMAS AGUSTIN PASCHETTA PARDINI<\/strong>\u00a0fundamentalmente, Google Analytics), as\u00ed como gestionar los espacios publicitarios incluidos en la p\u00e1gina web visitada por el usuario. Recopila datos de forma an\u00f3nima con la finalidad de obtener perfiles de navegaci\u00f3n de los usuarios.<\/p>\n<p>Clasificadas por su duraci\u00f3n:<\/p>\n<p>* Cookies de sesi\u00f3n: recaban y almacenan los datos mientras el usuario accede a la p\u00e1gina web.<\/p>\n<p>* Les Cookies persistants: ils recueillent et stockent des donn\u00e9es dans le terminal de l&#039;utilisateur pour une p\u00e9riode de temps en fonction de ce que le but pour lequel ils ont \u00e9t\u00e9 utilis\u00e9s.<\/p>\n<p>El tiempo de conservaci\u00f3n de las cookies depender\u00e1 del tipo de que se trate y siempre ser\u00e1 el m\u00ednimo indispensable para cumplir su finalidad.<\/p>\n<p>En cualquier caso, los usuarios pueden configurar su navegador, de manera que se deshabilite o bloquee la recepci\u00f3n de todas o algunas de las cookies. El hecho de no desear recibir estas cookies, no constituye un impedimento para poder acceder a la informaci\u00f3n de los sitios web de <strong>TOMAS AGUSTIN PASCHETTA PARDINI<\/strong>\u00a0aunque el uso de algunos servicios podr\u00e1 ser limitado. Si una vez otorgado el consentimiento para la recepci\u00f3n de cookies, se desease retirar \u00e9ste, se deber\u00e1n eliminar aquellas almacenadas en el equipo del usuario, a trav\u00e9s de las opciones de los diferentes navegadores.<\/p>\n<p>La forma de configurar los diferentes navegadores para ejercitar las acciones se\u00f1aladas en los p\u00e1rrafos anteriores, se puede consultar en:<\/p>\n<ul>\n<li>Explorer: <a href=\"http:\/\/windows.microsoft.com\/es-es\/windows7\/how-to-manage-cookies-in-internet-explorer-9\" target=\"_blank\" rel=\"noopener nofollow\">http:\/\/windows.microsoft.com\/es-es\/windows7\/how-to-manage-cookies-in-internet-explorer-9<\/a><\/li>\n<li>Chrome: <a href=\"https:\/\/support.google.com\/chrome\/answer\/95647?hl=es\" target=\"_blank\" rel=\"noopener nofollow\">https:\/\/support.google.com\/chrome\/answer\/95647?hl=es<\/a><\/li>\n<li>Firefox: <a href=\"http:\/\/support.mozilla.org\/es\/kb\/cookies-informacion-que-los-sitios-web-guardan-en-?redirectlocale=en-US&amp;redirectslug=Cookies\" target=\"_blank\" rel=\"noopener nofollow\">http:\/\/support.mozilla.org\/es\/kb\/cookies-informacion-que-los-sitios-web-guardan-en-?redirectlocale=en-US&amp;redirectslug=Cookies<\/a><\/li>\n<\/ul>","protected":false},"excerpt":{"rendered":"<p>TOMAS AGUSTIN PASCHETTA PARDINI a trav\u00e9s del presente documento, recoge su Pol\u00edtica de recogida y tratamiento de cookies, en cumplimiento de lo dispuesto en el art\u00edculo 22.2 de la Ley 34\/2002, de 11 de julio, de Servicios de la Sociedad de la Informaci\u00f3n y de Comercio Electr\u00f3nico (LSSICE). Las cookies se almacenan en el equipo <span>&#8230;<\/span><\/p>","protected":false},"author":4,"featured_media":0,"parent":0,"menu_order":0,"comment_status":"closed","ping_status":"closed","template":"","meta":{"_joinchat":[],"footnotes":""},"class_list":["post-1434","page","type-page","status-publish","hentry"],"yoast_head":"<!-- This site is optimized with the Yoast SEO plugin v27.5 - https:\/\/yoast.com\/product\/yoast-seo-wordpress\/ -->\n<title>Pol\u00edtica de cookies - Santa Carne<\/title>\n<meta name=\"robots\" content=\"index, follow, max-snippet:-1, max-image-preview:large, max-video-preview:-1\" \/>\n<link rel=\"canonical\" href=\"https:\/\/santacarne.es\/fr\/politica-de-cookies\/\" \/>\n<meta property=\"og:locale\" content=\"fr_FR\" \/>\n<meta property=\"og:type\" content=\"article\" \/>\n<meta property=\"og:title\" content=\"Pol\u00edtica de cookies - Santa Carne\" \/>\n<meta property=\"og:description\" content=\"TOMAS AGUSTIN PASCHETTA PARDINI a trav\u00e9s del presente documento, recoge su Pol\u00edtica de recogida y tratamiento de cookies, en cumplimiento de lo dispuesto en el art\u00edculo 22.2 de la Ley 34\/2002, de 11 de julio, de Servicios de la Sociedad de la Informaci\u00f3n y de Comercio Electr\u00f3nico (LSSICE). Las cookies se almacenan en el equipo ...\" \/>\n<meta property=\"og:url\" content=\"https:\/\/santacarne.es\/fr\/politica-de-cookies\/\" \/>\n<meta property=\"og:site_name\" content=\"Santa Carne\" \/>\n<meta property=\"article:publisher\" content=\"https:\/\/www.facebook.com\/profile.php?id=61554848311133\" \/>\n<meta property=\"article:modified_time\" content=\"2025-11-21T16:05:37+00:00\" \/>\n<meta name=\"twitter:card\" content=\"summary_large_image\" \/>\n<meta name=\"twitter:label1\" content=\"Dur\u00e9e de lecture estim\u00e9e\" \/>\n\t<meta name=\"twitter:data1\" content=\"4 minutes\" \/>\n<script type=\"application\/ld+json\" class=\"yoast-schema-graph\">{\"@context\":\"https:\\\/\\\/schema.org\",\"@graph\":[{\"@type\":\"WebPage\",\"@id\":\"https:\\\/\\\/santacarne.es\\\/politica-de-cookies\",\"url\":\"https:\\\/\\\/santacarne.es\\\/politica-de-cookies\",\"name\":\"Pol\u00edtica de cookies - Santa Carne\",\"isPartOf\":{\"@id\":\"https:\\\/\\\/santacarne.es\\\/#website\"},\"datePublished\":\"2024-02-18T16:36:02+00:00\",\"dateModified\":\"2025-11-21T16:05:37+00:00\",\"breadcrumb\":{\"@id\":\"https:\\\/\\\/santacarne.es\\\/politica-de-cookies#breadcrumb\"},\"inLanguage\":\"fr-FR\",\"potentialAction\":[{\"@type\":\"ReadAction\",\"target\":[\"https:\\\/\\\/santacarne.es\\\/politica-de-cookies\"]}]},{\"@type\":\"BreadcrumbList\",\"@id\":\"https:\\\/\\\/santacarne.es\\\/politica-de-cookies#breadcrumb\",\"itemListElement\":[{\"@type\":\"ListItem\",\"position\":1,\"name\":\"Portada\",\"item\":\"https:\\\/\\\/santacarne.es\\\/\"},{\"@type\":\"ListItem\",\"position\":2,\"name\":\"Pol\u00edtica de cookies\"}]},{\"@type\":\"WebSite\",\"@id\":\"https:\\\/\\\/santacarne.es\\\/#website\",\"url\":\"https:\\\/\\\/santacarne.es\\\/\",\"name\":\"Santa Carne\",\"description\":\"Alimentamos lo Sagrado de Compartir.\",\"publisher\":{\"@id\":\"https:\\\/\\\/santacarne.es\\\/#organization\"},\"potentialAction\":[{\"@type\":\"SearchAction\",\"target\":{\"@type\":\"EntryPoint\",\"urlTemplate\":\"https:\\\/\\\/santacarne.es\\\/?s={search_term_string}\"},\"query-input\":{\"@type\":\"PropertyValueSpecification\",\"valueRequired\":true,\"valueName\":\"search_term_string\"}}],\"inLanguage\":\"fr-FR\"},{\"@type\":\"Organization\",\"@id\":\"https:\\\/\\\/santacarne.es\\\/#organization\",\"name\":\"Santa Carne\",\"url\":\"https:\\\/\\\/santacarne.es\\\/\",\"logo\":{\"@type\":\"ImageObject\",\"inLanguage\":\"fr-FR\",\"@id\":\"https:\\\/\\\/santacarne.es\\\/#\\\/schema\\\/logo\\\/image\\\/\",\"url\":\"https:\\\/\\\/santacarne.es\\\/wp-content\\\/uploads\\\/2024\\\/04\\\/santa-carne.png\",\"contentUrl\":\"https:\\\/\\\/santacarne.es\\\/wp-content\\\/uploads\\\/2024\\\/04\\\/santa-carne.png\",\"width\":900,\"height\":286,\"caption\":\"Santa Carne\"},\"image\":{\"@id\":\"https:\\\/\\\/santacarne.es\\\/#\\\/schema\\\/logo\\\/image\\\/\"},\"sameAs\":[\"https:\\\/\\\/www.facebook.com\\\/profile.php?id=61554848311133\",\"https:\\\/\\\/www.instagram.com\\\/sant_carne\\\/\"]}]}<\/script>\n<!-- \/ Yoast SEO plugin. -->","yoast_head_json":{"title":"Pol\u00edtica de cookies - Santa Carne","robots":{"index":"index","follow":"follow","max-snippet":"max-snippet:-1","max-image-preview":"max-image-preview:large","max-video-preview":"max-video-preview:-1"},"canonical":"https:\/\/santacarne.es\/fr\/politica-de-cookies\/","og_locale":"fr_FR","og_type":"article","og_title":"Pol\u00edtica de cookies - Santa Carne","og_description":"TOMAS AGUSTIN PASCHETTA PARDINI a trav\u00e9s del presente documento, recoge su Pol\u00edtica de recogida y tratamiento de cookies, en cumplimiento de lo dispuesto en el art\u00edculo 22.2 de la Ley 34\/2002, de 11 de julio, de Servicios de la Sociedad de la Informaci\u00f3n y de Comercio Electr\u00f3nico (LSSICE). Las cookies se almacenan en el equipo ...","og_url":"https:\/\/santacarne.es\/fr\/politica-de-cookies\/","og_site_name":"Santa Carne","article_publisher":"https:\/\/www.facebook.com\/profile.php?id=61554848311133","article_modified_time":"2025-11-21T16:05:37+00:00","twitter_card":"summary_large_image","twitter_misc":{"Dur\u00e9e de lecture estim\u00e9e":"4 minutes"},"schema":{"@context":"https:\/\/schema.org","@graph":[{"@type":"WebPage","@id":"https:\/\/santacarne.es\/politica-de-cookies","url":"https:\/\/santacarne.es\/politica-de-cookies","name":"Pol\u00edtica de cookies - Santa Carne","isPartOf":{"@id":"https:\/\/santacarne.es\/#website"},"datePublished":"2024-02-18T16:36:02+00:00","dateModified":"2025-11-21T16:05:37+00:00","breadcrumb":{"@id":"https:\/\/santacarne.es\/politica-de-cookies#breadcrumb"},"inLanguage":"fr-FR","potentialAction":[{"@type":"ReadAction","target":["https:\/\/santacarne.es\/politica-de-cookies"]}]},{"@type":"BreadcrumbList","@id":"https:\/\/santacarne.es\/politica-de-cookies#breadcrumb","itemListElement":[{"@type":"ListItem","position":1,"name":"Portada","item":"https:\/\/santacarne.es\/"},{"@type":"ListItem","position":2,"name":"Pol\u00edtica de cookies"}]},{"@type":"WebSite","@id":"https:\/\/santacarne.es\/#website","url":"https:\/\/santacarne.es\/","name":"Santa Carne","description":"Nourrir le Sacr\u00e9 de Partage.","publisher":{"@id":"https:\/\/santacarne.es\/#organization"},"potentialAction":[{"@type":"SearchAction","target":{"@type":"EntryPoint","urlTemplate":"https:\/\/santacarne.es\/?s={search_term_string}"},"query-input":{"@type":"PropertyValueSpecification","valueRequired":true,"valueName":"search_term_string"}}],"inLanguage":"fr-FR"},{"@type":"Organization","@id":"https:\/\/santacarne.es\/#organization","name":"Santa Carne","url":"https:\/\/santacarne.es\/","logo":{"@type":"ImageObject","inLanguage":"fr-FR","@id":"https:\/\/santacarne.es\/#\/schema\/logo\/image\/","url":"https:\/\/santacarne.es\/wp-content\/uploads\/2024\/04\/santa-carne.png","contentUrl":"https:\/\/santacarne.es\/wp-content\/uploads\/2024\/04\/santa-carne.png","width":900,"height":286,"caption":"Santa Carne"},"image":{"@id":"https:\/\/santacarne.es\/#\/schema\/logo\/image\/"},"sameAs":["https:\/\/www.facebook.com\/profile.php?id=61554848311133","https:\/\/www.instagram.com\/sant_carne\/"]}]}},"jetpack_sharing_enabled":true,"_links":{"self":[{"href":"https:\/\/santacarne.es\/fr\/wp-json\/wp\/v2\/pages\/1434","targetHints":{"allow":["GET"]}}],"collection":[{"href":"https:\/\/santacarne.es\/fr\/wp-json\/wp\/v2\/pages"}],"about":[{"href":"https:\/\/santacarne.es\/fr\/wp-json\/wp\/v2\/types\/page"}],"author":[{"embeddable":true,"href":"https:\/\/santacarne.es\/fr\/wp-json\/wp\/v2\/users\/4"}],"replies":[{"embeddable":true,"href":"https:\/\/santacarne.es\/fr\/wp-json\/wp\/v2\/comments?post=1434"}],"version-history":[{"count":2,"href":"https:\/\/santacarne.es\/fr\/wp-json\/wp\/v2\/pages\/1434\/revisions"}],"predecessor-version":[{"id":3944,"href":"https:\/\/santacarne.es\/fr\/wp-json\/wp\/v2\/pages\/1434\/revisions\/3944"}],"wp:attachment":[{"href":"https:\/\/santacarne.es\/fr\/wp-json\/wp\/v2\/media?parent=1434"}],"curies":[{"name":"wp","href":"https:\/\/api.w.org\/{rel}","templated":true}]}}